{"id":724,"date":"2026-04-12T15:43:23","date_gmt":"2026-04-12T15:43:23","guid":{"rendered":"https:\/\/silk-pajamas.com\/25-momme-double-layer-silk-hair-towel-wrap-one-size-floral\/"},"modified":"2026-05-08T06:11:21","modified_gmt":"2026-05-08T06:11:21","slug":"25-momme-double-layer-silk-hair-towel-wrap-one-size-floral","status":"publish","type":"product","link":"https:\/\/silk-pajamas.com\/fr\/25-momme-double-layer-silk-hair-towel-wrap-one-size-floral\/","title":{"rendered":"25 Momme Serviette \u00e0 cheveux en soie double \u00e9paisseur Taille unique Floral"},"content":{"rendered":"<p>Cette serviette pour les cheveux est fabriqu\u00e9e \u00e0 partir de 25 momme de soie double couche dans un ton floral. Elle se caract\u00e9rise par un devant torsad\u00e9, une sensation de douceur et un drap\u00e9 confortable pour le soin des cheveux longs. Ce mod\u00e8le convient \u00e0 la taille unique et convient parfaitement aux tenues d'\u00e9t\u00e9, aux cadeaux et au confort quotidien. Laver \u00e0 la main \u00e0 froid et s\u00e9cher en ligne.<\/p>","protected":false},"excerpt":{"rendered":"<p>25 Momme Serviette de bain double \u00e9paisseur en soie florale. Finition Twist Front, sensation de thermor\u00e9gulation et taille unique. Con\u00e7ue pour les cheveux longs.<\/p>","protected":false},"featured_media":2068,"template":"","meta":{"_gspb_post_css":""},"product_brand":[],"product_cat":[38],"product_tag":[462,465,466],"class_list":{"0":"post-724","1":"product","2":"type-product","3":"status-publish","4":"has-post-thumbnail","6":"product_cat-silk-hair-towel-wrap","7":"product_tag-25-momme-silk-hair-towel-wrap-floral","8":"product_tag-double-layer-silk-hair-towel-wrap-twist-front","9":"product_tag-manufacturer-silk-hair-towel-wrap-for-long-hair-care","11":"first","12":"instock","13":"shipping-taxable","14":"purchasable","15":"product-type-simple"},"_links":{"self":[{"href":"https:\/\/silk-pajamas.com\/fr\/wp-json\/wp\/v2\/product\/724","targetHints":{"allow":["GET"]}}],"collection":[{"href":"https:\/\/silk-pajamas.com\/fr\/wp-json\/wp\/v2\/product"}],"about":[{"href":"https:\/\/silk-pajamas.com\/fr\/wp-json\/wp\/v2\/types\/product"}],"wp:featuredmedia":[{"embeddable":true,"href":"https:\/\/silk-pajamas.com\/fr\/wp-json\/wp\/v2\/media\/2068"}],"wp:attachment":[{"href":"https:\/\/silk-pajamas.com\/fr\/wp-json\/wp\/v2\/media?parent=724"}],"wp:term":[{"taxonomy":"product_brand","embeddable":true,"href":"https:\/\/silk-pajamas.com\/fr\/wp-json\/wp\/v2\/product_brand?post=724"},{"taxonomy":"product_cat","embeddable":true,"href":"https:\/\/silk-pajamas.com\/fr\/wp-json\/wp\/v2\/product_cat?post=724"},{"taxonomy":"product_tag","embeddable":true,"href":"https:\/\/silk-pajamas.com\/fr\/wp-json\/wp\/v2\/product_tag?post=724"}],"curies":[{"name":"wp","href":"https:\/\/api.w.org\/{rel}","templated":true}]}}