{"id":725,"date":"2026-04-12T15:43:23","date_gmt":"2026-04-12T15:43:23","guid":{"rendered":"https:\/\/silk-pajamas.com\/19-momme-charmeuse-silk-hair-towel-wrap-turban-rose-factory\/"},"modified":"2026-05-08T06:13:12","modified_gmt":"2026-05-08T06:13:12","slug":"19-momme-charmeuse-silk-hair-towel-wrap-turban-rose-factory","status":"publish","type":"product","link":"https:\/\/silk-pajamas.com\/fr\/19-momme-charmeuse-silk-hair-towel-wrap-turban-rose-factory\/","title":{"rendered":"19 Momme Charmeuse Soie Serviette de Cheveux Enveloppe Turban Rose Factory"},"content":{"rendered":"<p>Fabriqu\u00e9e avec 19 momme de soie charmeuse, cette serviette enveloppante pour les cheveux est respirante, douce au toucher et \u00e9l\u00e9gante dans ses mouvements. La construction en turban et la couleur rose permettent d'obtenir un look soign\u00e9 pour les cheveux longs. Disponible en taille unique. Laver \u00e0 la main \u00e0 froid et s\u00e9cher en ligne.<\/p>","protected":false},"excerpt":{"rendered":"<p>19 Serviette de bain en soie Charmeuse de Momme en Rose. Finition turban, sensation de respirabilit\u00e9 et taille unique. Con\u00e7ue pour les cheveux longs.<\/p>","protected":false},"featured_media":2072,"template":"","meta":{"_gspb_post_css":""},"product_brand":[],"product_cat":[38],"product_tag":[467,468,450],"class_list":{"0":"post-725","1":"product","2":"type-product","3":"status-publish","4":"has-post-thumbnail","6":"product_cat-silk-hair-towel-wrap","7":"product_tag-19-momme-silk-hair-towel-wrap-rose","8":"product_tag-charmeuse-silk-hair-towel-wrap-turban","9":"product_tag-wholesale-silk-hair-towel-wrap-for-long-hair-care","11":"first","12":"instock","13":"shipping-taxable","14":"purchasable","15":"product-type-simple"},"_links":{"self":[{"href":"https:\/\/silk-pajamas.com\/fr\/wp-json\/wp\/v2\/product\/725","targetHints":{"allow":["GET"]}}],"collection":[{"href":"https:\/\/silk-pajamas.com\/fr\/wp-json\/wp\/v2\/product"}],"about":[{"href":"https:\/\/silk-pajamas.com\/fr\/wp-json\/wp\/v2\/types\/product"}],"wp:featuredmedia":[{"embeddable":true,"href":"https:\/\/silk-pajamas.com\/fr\/wp-json\/wp\/v2\/media\/2072"}],"wp:attachment":[{"href":"https:\/\/silk-pajamas.com\/fr\/wp-json\/wp\/v2\/media?parent=725"}],"wp:term":[{"taxonomy":"product_brand","embeddable":true,"href":"https:\/\/silk-pajamas.com\/fr\/wp-json\/wp\/v2\/product_brand?post=725"},{"taxonomy":"product_cat","embeddable":true,"href":"https:\/\/silk-pajamas.com\/fr\/wp-json\/wp\/v2\/product_cat?post=725"},{"taxonomy":"product_tag","embeddable":true,"href":"https:\/\/silk-pajamas.com\/fr\/wp-json\/wp\/v2\/product_tag?post=725"}],"curies":[{"name":"wp","href":"https:\/\/api.w.org\/{rel}","templated":true}]}}