{"id":727,"date":"2026-04-12T15:43:23","date_gmt":"2026-04-12T15:43:23","guid":{"rendered":"https:\/\/silk-pajamas.com\/25-momme-soft-shine-silk-hair-towel-wrap-double-layer-pearl\/"},"modified":"2026-05-08T06:21:41","modified_gmt":"2026-05-08T06:21:41","slug":"25-momme-soft-shine-silk-hair-towel-wrap-double-layer-pearl","status":"publish","type":"product","link":"https:\/\/silk-pajamas.com\/fr\/25-momme-soft-shine-silk-hair-towel-wrap-double-layer-pearl\/","title":{"rendered":"25 Momme Soft Shine Silk Hair Towel Wrap Double Layer Pearl (serviette \u00e0 cheveux en soie double couche)"},"content":{"rendered":"<p>Fabriqu\u00e9e \u00e0 partir de 25 m\u00e8tres de soie douce et brillante, cette serviette enveloppante pour les cheveux est respirante, douce au toucher et \u00e9l\u00e9gante en mouvement. La construction \u00e0 double couche et la couleur perl\u00e9e permettent de conserver une apparence soign\u00e9e pour le soin des cheveux longs. Disponible en taille unique. Laver \u00e0 la main \u00e0 froid et s\u00e9cher en ligne.<\/p>","protected":false},"excerpt":{"rendered":"<p>25 Momme Soft Shine serviette en soie pour cheveux en perle. Finition double couche, sensation de respirabilit\u00e9 et taille unique. Con\u00e7ue pour les cheveux longs.<\/p>","protected":false},"featured_media":2081,"template":"","meta":{"_gspb_post_css":""},"product_brand":[],"product_cat":[38],"product_tag":[459,460,450],"class_list":{"0":"post-727","1":"product","2":"type-product","3":"status-publish","4":"has-post-thumbnail","6":"product_cat-silk-hair-towel-wrap","7":"product_tag-25-momme-silk-hair-towel-wrap-pearl","8":"product_tag-soft-shine-silk-hair-towel-wrap-double-layer","9":"product_tag-wholesale-silk-hair-towel-wrap-for-long-hair-care","11":"first","12":"instock","13":"shipping-taxable","14":"purchasable","15":"product-type-simple"},"_links":{"self":[{"href":"https:\/\/silk-pajamas.com\/fr\/wp-json\/wp\/v2\/product\/727","targetHints":{"allow":["GET"]}}],"collection":[{"href":"https:\/\/silk-pajamas.com\/fr\/wp-json\/wp\/v2\/product"}],"about":[{"href":"https:\/\/silk-pajamas.com\/fr\/wp-json\/wp\/v2\/types\/product"}],"wp:featuredmedia":[{"embeddable":true,"href":"https:\/\/silk-pajamas.com\/fr\/wp-json\/wp\/v2\/media\/2081"}],"wp:attachment":[{"href":"https:\/\/silk-pajamas.com\/fr\/wp-json\/wp\/v2\/media?parent=727"}],"wp:term":[{"taxonomy":"product_brand","embeddable":true,"href":"https:\/\/silk-pajamas.com\/fr\/wp-json\/wp\/v2\/product_brand?post=727"},{"taxonomy":"product_cat","embeddable":true,"href":"https:\/\/silk-pajamas.com\/fr\/wp-json\/wp\/v2\/product_cat?post=727"},{"taxonomy":"product_tag","embeddable":true,"href":"https:\/\/silk-pajamas.com\/fr\/wp-json\/wp\/v2\/product_tag?post=727"}],"curies":[{"name":"wp","href":"https:\/\/api.w.org\/{rel}","templated":true}]}}