{"id":730,"date":"2026-04-12T15:43:23","date_gmt":"2026-04-12T15:43:23","guid":{"rendered":"https:\/\/silk-pajamas.com\/22-momme-mulberry-silk-hair-towel-wrap-button-loop-emerald\/"},"modified":"2026-05-08T06:28:57","modified_gmt":"2026-05-08T06:28:57","slug":"22-momme-mulberry-silk-hair-towel-wrap-button-loop-emerald","status":"publish","type":"product","link":"https:\/\/silk-pajamas.com\/fr\/22-momme-mulberry-silk-hair-towel-wrap-button-loop-emerald\/","title":{"rendered":"22 Momme Serviette \u00e0 cheveux en soie de m\u00fbrier Bouton Boucle Emeraude"},"content":{"rendered":"<p>Fabriqu\u00e9e avec 22 momme de soie de m\u00fbrier, cette serviette pour cheveux offre une sensation de douceur respirante et un mouvement \u00e9l\u00e9gant. La construction en boucle \u00e0 boutons et la couleur \u00e9meraude lui conf\u00e8rent une allure \u00e9l\u00e9gante pour les voyages. Disponible en taille unique. Laver \u00e0 la main \u00e0 froid et s\u00e9cher en ligne.<\/p>","protected":false},"excerpt":{"rendered":"<p>22 Serviette de bain en soie de m\u00fbrier de Momme en \u00e9meraude. Finition boutonn\u00e9e, sensation de respirabilit\u00e9 et taille unique. Con\u00e7ue pour le voyage.<\/p>","protected":false},"featured_media":2091,"template":"","meta":{"_gspb_post_css":""},"product_brand":[],"product_cat":[38],"product_tag":[477,478,479],"class_list":{"0":"post-730","1":"product","2":"type-product","3":"status-publish","4":"has-post-thumbnail","6":"product_cat-silk-hair-towel-wrap","7":"product_tag-22-momme-silk-hair-towel-wrap-emerald","8":"product_tag-mulberry-silk-hair-towel-wrap-button-loop","9":"product_tag-wholesale-silk-hair-towel-wrap-for-travel-use","11":"first","12":"instock","13":"shipping-taxable","14":"purchasable","15":"product-type-simple"},"_links":{"self":[{"href":"https:\/\/silk-pajamas.com\/fr\/wp-json\/wp\/v2\/product\/730","targetHints":{"allow":["GET"]}}],"collection":[{"href":"https:\/\/silk-pajamas.com\/fr\/wp-json\/wp\/v2\/product"}],"about":[{"href":"https:\/\/silk-pajamas.com\/fr\/wp-json\/wp\/v2\/types\/product"}],"wp:featuredmedia":[{"embeddable":true,"href":"https:\/\/silk-pajamas.com\/fr\/wp-json\/wp\/v2\/media\/2091"}],"wp:attachment":[{"href":"https:\/\/silk-pajamas.com\/fr\/wp-json\/wp\/v2\/media?parent=730"}],"wp:term":[{"taxonomy":"product_brand","embeddable":true,"href":"https:\/\/silk-pajamas.com\/fr\/wp-json\/wp\/v2\/product_brand?post=730"},{"taxonomy":"product_cat","embeddable":true,"href":"https:\/\/silk-pajamas.com\/fr\/wp-json\/wp\/v2\/product_cat?post=730"},{"taxonomy":"product_tag","embeddable":true,"href":"https:\/\/silk-pajamas.com\/fr\/wp-json\/wp\/v2\/product_tag?post=730"}],"curies":[{"name":"wp","href":"https:\/\/api.w.org\/{rel}","templated":true}]}}