{"id":731,"date":"2026-04-12T15:43:23","date_gmt":"2026-04-12T15:43:23","guid":{"rendered":"https:\/\/silk-pajamas.com\/19-momme-soft-shine-silk-hair-wrap-twist-front-black-vendor\/"},"modified":"2026-05-08T06:30:50","modified_gmt":"2026-05-08T06:30:50","slug":"19-momme-soft-shine-silk-hair-wrap-twist-front-black-vendor","status":"publish","type":"product","link":"https:\/\/silk-pajamas.com\/fr\/19-momme-soft-shine-silk-hair-wrap-twist-front-black-vendor\/","title":{"rendered":"19 Momme Soft Shine Hair Wrap Silk Twist Front Black Vendor"},"content":{"rendered":"<p>Fabriqu\u00e9e \u00e0 partir de 19 m\u00e8tres de soie douce et brillante, cette serviette enveloppante pour les cheveux offre un drap\u00e9 lisse, un toucher doux et un mouvement \u00e9l\u00e9gant. La structure torsad\u00e9e sur le devant et la couleur noire permettent de conserver un look soign\u00e9 pour le soin des cheveux longs. Disponible en taille unique. Laver \u00e0 la main \u00e0 froid et s\u00e9cher en ligne.<\/p>","protected":false},"excerpt":{"rendered":"<p>19 Momme Soft Shine serviette en soie pour cheveux en noir. Finition Twist Front, toucher lisse et drap\u00e9, taille unique. Con\u00e7ue pour les cheveux longs.<\/p>","protected":false},"featured_media":2102,"template":"","meta":{"_gspb_post_css":""},"product_brand":[],"product_cat":[38],"product_tag":[480,446,473],"class_list":{"0":"post-731","1":"product","2":"type-product","3":"status-publish","4":"has-post-thumbnail","6":"product_cat-silk-hair-towel-wrap","7":"product_tag-19-momme-silk-hair-towel-wrap-black","8":"product_tag-soft-shine-silk-hair-towel-wrap-twist-front","9":"product_tag-supplier-silk-hair-towel-wrap-for-long-hair-care","11":"first","12":"instock","13":"featured","14":"shipping-taxable","15":"purchasable","16":"product-type-simple"},"_links":{"self":[{"href":"https:\/\/silk-pajamas.com\/fr\/wp-json\/wp\/v2\/product\/731","targetHints":{"allow":["GET"]}}],"collection":[{"href":"https:\/\/silk-pajamas.com\/fr\/wp-json\/wp\/v2\/product"}],"about":[{"href":"https:\/\/silk-pajamas.com\/fr\/wp-json\/wp\/v2\/types\/product"}],"wp:featuredmedia":[{"embeddable":true,"href":"https:\/\/silk-pajamas.com\/fr\/wp-json\/wp\/v2\/media\/2102"}],"wp:attachment":[{"href":"https:\/\/silk-pajamas.com\/fr\/wp-json\/wp\/v2\/media?parent=731"}],"wp:term":[{"taxonomy":"product_brand","embeddable":true,"href":"https:\/\/silk-pajamas.com\/fr\/wp-json\/wp\/v2\/product_brand?post=731"},{"taxonomy":"product_cat","embeddable":true,"href":"https:\/\/silk-pajamas.com\/fr\/wp-json\/wp\/v2\/product_cat?post=731"},{"taxonomy":"product_tag","embeddable":true,"href":"https:\/\/silk-pajamas.com\/fr\/wp-json\/wp\/v2\/product_tag?post=731"}],"curies":[{"name":"wp","href":"https:\/\/api.w.org\/{rel}","templated":true}]}}