{"id":735,"date":"2026-04-12T15:43:23","date_gmt":"2026-04-12T15:43:23","guid":{"rendered":"https:\/\/silk-pajamas.com\/19-momme-soft-shine-silk-hair-wrap-long-hair-navy-wholesale\/"},"modified":"2026-05-08T06:39:44","modified_gmt":"2026-05-08T06:39:44","slug":"19-momme-soft-shine-silk-hair-wrap-long-hair-navy-wholesale","status":"publish","type":"product","link":"https:\/\/silk-pajamas.com\/fr\/19-momme-soft-shine-silk-hair-wrap-long-hair-navy-wholesale\/","title":{"rendered":"19 Momme Soft Shine Hair Wrap Silk Hair Long Navy Wholesale"},"content":{"rendered":"<p>Fabriqu\u00e9e en soie 19 mm douce et brillante, cette serviette pour cheveux longs allie le d\u00e9tail des cheveux longs \u00e0 une brillance douce et \u00e0 une sensation de respirabilit\u00e9. La finition marine lui conf\u00e8re un aspect raffin\u00e9, tandis que la taille unique permet de r\u00e9pondre \u00e0 toutes les demandes. Convient aux soins des cheveux longs et \u00e0 la garde-robe d'\u00e9t\u00e9. Laver \u00e0 la main \u00e0 froid et s\u00e9cher \u00e0 la corde.<\/p>","protected":false},"excerpt":{"rendered":"<p>19 Momme Soft Shine serviette en soie pour cheveux en marine. Finition cheveux longs, toucher infroissable et taille unique. Con\u00e7ue pour le soin des cheveux longs.<\/p>","protected":false},"featured_media":2134,"template":"","meta":{"_gspb_post_css":""},"product_brand":[],"product_cat":[38],"product_tag":[482,483,473],"class_list":{"0":"post-735","1":"product","2":"type-product","3":"status-publish","4":"has-post-thumbnail","6":"product_cat-silk-hair-towel-wrap","7":"product_tag-19-momme-silk-hair-towel-wrap-navy","8":"product_tag-soft-shine-silk-hair-towel-wrap-long-hair","9":"product_tag-supplier-silk-hair-towel-wrap-for-long-hair-care","11":"first","12":"instock","13":"shipping-taxable","14":"purchasable","15":"product-type-simple"},"_links":{"self":[{"href":"https:\/\/silk-pajamas.com\/fr\/wp-json\/wp\/v2\/product\/735","targetHints":{"allow":["GET"]}}],"collection":[{"href":"https:\/\/silk-pajamas.com\/fr\/wp-json\/wp\/v2\/product"}],"about":[{"href":"https:\/\/silk-pajamas.com\/fr\/wp-json\/wp\/v2\/types\/product"}],"wp:featuredmedia":[{"embeddable":true,"href":"https:\/\/silk-pajamas.com\/fr\/wp-json\/wp\/v2\/media\/2134"}],"wp:attachment":[{"href":"https:\/\/silk-pajamas.com\/fr\/wp-json\/wp\/v2\/media?parent=735"}],"wp:term":[{"taxonomy":"product_brand","embeddable":true,"href":"https:\/\/silk-pajamas.com\/fr\/wp-json\/wp\/v2\/product_brand?post=735"},{"taxonomy":"product_cat","embeddable":true,"href":"https:\/\/silk-pajamas.com\/fr\/wp-json\/wp\/v2\/product_cat?post=735"},{"taxonomy":"product_tag","embeddable":true,"href":"https:\/\/silk-pajamas.com\/fr\/wp-json\/wp\/v2\/product_tag?post=735"}],"curies":[{"name":"wp","href":"https:\/\/api.w.org\/{rel}","templated":true}]}}