{"id":737,"date":"2026-04-12T15:43:24","date_gmt":"2026-04-12T15:43:24","guid":{"rendered":"https:\/\/silk-pajamas.com\/25-momme-mulberry-silk-hair-wrap-long-hair-floral-vendor\/"},"modified":"2026-05-08T03:44:55","modified_gmt":"2026-05-08T03:44:55","slug":"25-momme-mulberry-silk-hair-wrap-long-hair-floral-vendor","status":"publish","type":"product","link":"https:\/\/silk-pajamas.com\/fr\/25-momme-mulberry-silk-hair-wrap-long-hair-floral-vendor\/","title":{"rendered":"25 Momme Mulberry Silk Hair Wrap Long Hair Floral Vendor"},"content":{"rendered":"<p>Fabriqu\u00e9e avec 25 m\u00e8tres de soie de m\u00fbrier, cette serviette enveloppante pour les cheveux offre un toucher doux, une sensation agr\u00e9able sur la peau et un mouvement \u00e9l\u00e9gant. La construction pour cheveux longs et la couleur florale permettent de conserver un look soign\u00e9 pour les soins quotidiens des cheveux. Disponible en taille unique. Laver \u00e0 la main \u00e0 froid et s\u00e9cher \u00e0 la corde.<\/p>","protected":false},"excerpt":{"rendered":"<p>25 Momme Serviette de bain en soie de m\u00fbrier \u00e0 fleurs. Finition cheveux longs, toucher doux et taille unique. Con\u00e7ue pour le soin quotidien des cheveux.<\/p>","protected":false},"featured_media":2039,"template":"","meta":{"_gspb_post_css":""},"product_brand":[],"product_cat":[38],"product_tag":[462,486,443],"class_list":{"0":"post-737","1":"product","2":"type-product","3":"status-publish","4":"has-post-thumbnail","6":"product_cat-silk-hair-towel-wrap","7":"product_tag-25-momme-silk-hair-towel-wrap-floral","8":"product_tag-factory-silk-hair-towel-wrap-for-daily-hair-care","9":"product_tag-mulberry-silk-hair-towel-wrap-long-hair","11":"first","12":"instock","13":"shipping-taxable","14":"purchasable","15":"product-type-simple"},"_links":{"self":[{"href":"https:\/\/silk-pajamas.com\/fr\/wp-json\/wp\/v2\/product\/737","targetHints":{"allow":["GET"]}}],"collection":[{"href":"https:\/\/silk-pajamas.com\/fr\/wp-json\/wp\/v2\/product"}],"about":[{"href":"https:\/\/silk-pajamas.com\/fr\/wp-json\/wp\/v2\/types\/product"}],"wp:featuredmedia":[{"embeddable":true,"href":"https:\/\/silk-pajamas.com\/fr\/wp-json\/wp\/v2\/media\/2039"}],"wp:attachment":[{"href":"https:\/\/silk-pajamas.com\/fr\/wp-json\/wp\/v2\/media?parent=737"}],"wp:term":[{"taxonomy":"product_brand","embeddable":true,"href":"https:\/\/silk-pajamas.com\/fr\/wp-json\/wp\/v2\/product_brand?post=737"},{"taxonomy":"product_cat","embeddable":true,"href":"https:\/\/silk-pajamas.com\/fr\/wp-json\/wp\/v2\/product_cat?post=737"},{"taxonomy":"product_tag","embeddable":true,"href":"https:\/\/silk-pajamas.com\/fr\/wp-json\/wp\/v2\/product_tag?post=737"}],"curies":[{"name":"wp","href":"https:\/\/api.w.org\/{rel}","templated":true}]}}