{"id":740,"date":"2026-04-12T15:43:24","date_gmt":"2026-04-12T15:43:24","guid":{"rendered":"https:\/\/silk-pajamas.com\/22-momme-double-layer-silk-hair-wrap-double-layer-lilac\/"},"modified":"2026-05-08T03:50:20","modified_gmt":"2026-05-08T03:50:20","slug":"22-momme-double-layer-silk-hair-wrap-double-layer-lilac","status":"publish","type":"product","link":"https:\/\/silk-pajamas.com\/fr\/22-momme-double-layer-silk-hair-wrap-double-layer-lilac\/","title":{"rendered":"22 Momme Coiffure double couche en soie double couche Lilas"},"content":{"rendered":"<p>Cette serviette pour les cheveux est fabriqu\u00e9e \u00e0 partir de 22 momme de soie double couche dans un ton lilas. Elle se caract\u00e9rise par une double \u00e9paisseur, une sensation de douceur et un drap\u00e9 confortable pour les voyages. Ce mod\u00e8le est compatible avec la taille unique et convient parfaitement aux tenues d'\u00e9t\u00e9, aux cadeaux et au confort quotidien. Laver \u00e0 la main \u00e0 froid et s\u00e9cher en ligne.<\/p>","protected":false},"excerpt":{"rendered":"<p>22 Momme Serviette de bain en soie double \u00e9paisseur en lilas. Finition double couche, sensation de l\u00e9g\u00e8ret\u00e9 et taille unique. Con\u00e7ue pour le voyage.<\/p>","protected":false},"featured_media":2051,"template":"","meta":{"_gspb_post_css":""},"product_brand":[],"product_cat":[38],"product_tag":[445,455,487],"class_list":{"0":"post-740","1":"product","2":"type-product","3":"status-publish","4":"has-post-thumbnail","6":"product_cat-silk-hair-towel-wrap","7":"product_tag-22-momme-silk-hair-towel-wrap-lilac","8":"product_tag-double-layer-silk-hair-towel-wrap-double-layer","9":"product_tag-vendor-silk-hair-towel-wrap-for-travel-use","11":"first","12":"instock","13":"shipping-taxable","14":"purchasable","15":"product-type-simple"},"_links":{"self":[{"href":"https:\/\/silk-pajamas.com\/fr\/wp-json\/wp\/v2\/product\/740","targetHints":{"allow":["GET"]}}],"collection":[{"href":"https:\/\/silk-pajamas.com\/fr\/wp-json\/wp\/v2\/product"}],"about":[{"href":"https:\/\/silk-pajamas.com\/fr\/wp-json\/wp\/v2\/types\/product"}],"wp:featuredmedia":[{"embeddable":true,"href":"https:\/\/silk-pajamas.com\/fr\/wp-json\/wp\/v2\/media\/2051"}],"wp:attachment":[{"href":"https:\/\/silk-pajamas.com\/fr\/wp-json\/wp\/v2\/media?parent=740"}],"wp:term":[{"taxonomy":"product_brand","embeddable":true,"href":"https:\/\/silk-pajamas.com\/fr\/wp-json\/wp\/v2\/product_brand?post=740"},{"taxonomy":"product_cat","embeddable":true,"href":"https:\/\/silk-pajamas.com\/fr\/wp-json\/wp\/v2\/product_cat?post=740"},{"taxonomy":"product_tag","embeddable":true,"href":"https:\/\/silk-pajamas.com\/fr\/wp-json\/wp\/v2\/product_tag?post=740"}],"curies":[{"name":"wp","href":"https:\/\/api.w.org\/{rel}","templated":true}]}}