{"id":745,"date":"2026-04-12T15:43:25","date_gmt":"2026-04-12T15:43:25","guid":{"rendered":"https:\/\/silk-pajamas.com\/25-momme-double-layer-mulberry-silk-scarf-double-sided-sage\/"},"modified":"2026-05-08T03:00:49","modified_gmt":"2026-05-08T03:00:49","slug":"25-momme-double-layer-mulberry-silk-scarf-double-sided-sage","status":"publish","type":"product","link":"https:\/\/silk-pajamas.com\/fr\/25-momme-double-layer-mulberry-silk-scarf-double-sided-sage\/","title":{"rendered":"25 Momme Foulard double couche en soie de m\u00fbrier double face sauge"},"content":{"rendered":"<p>Fabriqu\u00e9e en soie double couche de 25 mm, cette \u00e9charpe en soie offre un drap\u00e9 lisse, un toucher doux et un mouvement \u00e9l\u00e9gant. La construction double face et la couleur sauge lui conf\u00e8rent un aspect soign\u00e9 pour les voyages. Disponible en 90x90cm. Laver \u00e0 la main \u00e0 froid ou utiliser un cycle d\u00e9licat.<\/p>","protected":false},"excerpt":{"rendered":"<p>25 Momme Double Layer silk silk scarf in Sage. Finition double face, drap\u00e9 doux et taille 90x90cm. Con\u00e7u pour le voyage.<\/p>","protected":false},"featured_media":1977,"template":"","meta":{"_gspb_post_css":""},"product_brand":[],"product_cat":[34],"product_tag":[499,500,498],"class_list":{"0":"post-745","1":"product","2":"type-product","3":"status-publish","4":"has-post-thumbnail","6":"product_cat-silk-scarves","7":"product_tag-25-momme-silk-scarf-sage","8":"product_tag-double-layer-silk-scarf-double-sided","9":"product_tag-factory-silk-scarf-for-travel-use","11":"first","12":"instock","13":"shipping-taxable","14":"purchasable","15":"product-type-simple"},"_links":{"self":[{"href":"https:\/\/silk-pajamas.com\/fr\/wp-json\/wp\/v2\/product\/745","targetHints":{"allow":["GET"]}}],"collection":[{"href":"https:\/\/silk-pajamas.com\/fr\/wp-json\/wp\/v2\/product"}],"about":[{"href":"https:\/\/silk-pajamas.com\/fr\/wp-json\/wp\/v2\/types\/product"}],"wp:featuredmedia":[{"embeddable":true,"href":"https:\/\/silk-pajamas.com\/fr\/wp-json\/wp\/v2\/media\/1977"}],"wp:attachment":[{"href":"https:\/\/silk-pajamas.com\/fr\/wp-json\/wp\/v2\/media?parent=745"}],"wp:term":[{"taxonomy":"product_brand","embeddable":true,"href":"https:\/\/silk-pajamas.com\/fr\/wp-json\/wp\/v2\/product_brand?post=745"},{"taxonomy":"product_cat","embeddable":true,"href":"https:\/\/silk-pajamas.com\/fr\/wp-json\/wp\/v2\/product_cat?post=745"},{"taxonomy":"product_tag","embeddable":true,"href":"https:\/\/silk-pajamas.com\/fr\/wp-json\/wp\/v2\/product_tag?post=745"}],"curies":[{"name":"wp","href":"https:\/\/api.w.org\/{rel}","templated":true}]}}