{"id":746,"date":"2026-04-12T15:43:25","date_gmt":"2026-04-12T15:43:25","guid":{"rendered":"https:\/\/silk-pajamas.com\/22-momme-mulberry-silk-scarf-double-sided-black\/"},"modified":"2026-05-08T03:02:32","modified_gmt":"2026-05-08T03:02:32","slug":"22-momme-mulberry-silk-scarf-double-sided-black","status":"publish","type":"product","link":"https:\/\/silk-pajamas.com\/fr\/22-momme-mulberry-silk-scarf-double-sided-black\/","title":{"rendered":"22 Momme Foulard en soie de m\u00fbrier double face noir"},"content":{"rendered":"<p>Cette \u00e9charpe en soie est fabriqu\u00e9e \u00e0 partir de 22 momme de soie de m\u00fbrier dans un ton noir. Il pr\u00e9sente une double face, un toucher doux et un drap\u00e9 confortable pour les assortiments de cadeaux. Le style convient aux tailles 65x65cm et convient parfaitement \u00e0 toutes les saisons, aux cadeaux et au confort quotidien. Laver \u00e0 la main \u00e0 froid ou utiliser un cycle d\u00e9licat.<\/p>","protected":false},"excerpt":{"rendered":"<p>22 Momme Mulberry silk silk scarf in Black. Finition double face, sensation de r\u00e9gulation thermique et taille 65x65cm. Con\u00e7u pour les assortiments de cadeaux.<\/p>","protected":false},"featured_media":1985,"template":"","meta":{"_gspb_post_css":""},"product_brand":[],"product_cat":[34],"product_tag":[501,502,495],"class_list":{"0":"post-746","1":"product","2":"type-product","3":"status-publish","4":"has-post-thumbnail","6":"product_cat-silk-scarves","7":"product_tag-22-momme-silk-scarf-black","8":"product_tag-mulberry-silk-scarf-double-sided","9":"product_tag-supplier-silk-scarf-for-gift-assortments","11":"first","12":"instock","13":"featured","14":"shipping-taxable","15":"purchasable","16":"product-type-simple"},"_links":{"self":[{"href":"https:\/\/silk-pajamas.com\/fr\/wp-json\/wp\/v2\/product\/746","targetHints":{"allow":["GET"]}}],"collection":[{"href":"https:\/\/silk-pajamas.com\/fr\/wp-json\/wp\/v2\/product"}],"about":[{"href":"https:\/\/silk-pajamas.com\/fr\/wp-json\/wp\/v2\/types\/product"}],"wp:featuredmedia":[{"embeddable":true,"href":"https:\/\/silk-pajamas.com\/fr\/wp-json\/wp\/v2\/media\/1985"}],"wp:attachment":[{"href":"https:\/\/silk-pajamas.com\/fr\/wp-json\/wp\/v2\/media?parent=746"}],"wp:term":[{"taxonomy":"product_brand","embeddable":true,"href":"https:\/\/silk-pajamas.com\/fr\/wp-json\/wp\/v2\/product_brand?post=746"},{"taxonomy":"product_cat","embeddable":true,"href":"https:\/\/silk-pajamas.com\/fr\/wp-json\/wp\/v2\/product_cat?post=746"},{"taxonomy":"product_tag","embeddable":true,"href":"https:\/\/silk-pajamas.com\/fr\/wp-json\/wp\/v2\/product_tag?post=746"}],"curies":[{"name":"wp","href":"https:\/\/api.w.org\/{rel}","templated":true}]}}