{"id":747,"date":"2026-04-12T15:43:25","date_gmt":"2026-04-12T15:43:25","guid":{"rendered":"https:\/\/silk-pajamas.com\/19-momme-mulberry-silk-scarf-hand-rolled-champagne\/"},"modified":"2026-05-08T03:07:23","modified_gmt":"2026-05-08T03:07:23","slug":"19-momme-mulberry-silk-scarf-hand-rolled-champagne","status":"publish","type":"product","link":"https:\/\/silk-pajamas.com\/fr\/19-momme-mulberry-silk-scarf-hand-rolled-champagne\/","title":{"rendered":"19 Momme Foulard en soie de m\u00fbrier roul\u00e9 \u00e0 la main Champagne"},"content":{"rendered":"<p>Fabriqu\u00e9e avec de la soie de m\u00fbrier de 19 mm, cette \u00e9charpe en soie est l\u00e9g\u00e8re, douce au toucher et \u00e9l\u00e9gante dans ses mouvements. Sa fabrication roul\u00e9e \u00e0 la main et sa couleur champagne lui conf\u00e8rent un aspect raffin\u00e9 pour les assortiments de cadeaux. Disponible en 180x65cm. Laver \u00e0 la main \u00e0 froid ou utiliser un cycle d\u00e9licat.<\/p>","protected":false},"excerpt":{"rendered":"<p>19 Momme Mulberry silk silk scarf in Champagne. Finition roul\u00e9e \u00e0 la main, l\u00e9g\u00e8ret\u00e9 et taille 180x65cm. Con\u00e7u pour les assortiments de cadeaux.<\/p>","protected":false},"featured_media":1991,"template":"","meta":{"_gspb_post_css":""},"product_brand":[],"product_cat":[34],"product_tag":[503,504,505],"class_list":{"0":"post-747","1":"product","2":"type-product","3":"status-publish","4":"has-post-thumbnail","6":"product_cat-silk-scarves","7":"product_tag-19-momme-silk-scarf-champagne","8":"product_tag-mulberry-silk-scarf-hand-rolled","9":"product_tag-wholesale-silk-scarf-for-gift-assortments","11":"first","12":"instock","13":"shipping-taxable","14":"purchasable","15":"product-type-simple"},"_links":{"self":[{"href":"https:\/\/silk-pajamas.com\/fr\/wp-json\/wp\/v2\/product\/747","targetHints":{"allow":["GET"]}}],"collection":[{"href":"https:\/\/silk-pajamas.com\/fr\/wp-json\/wp\/v2\/product"}],"about":[{"href":"https:\/\/silk-pajamas.com\/fr\/wp-json\/wp\/v2\/types\/product"}],"wp:featuredmedia":[{"embeddable":true,"href":"https:\/\/silk-pajamas.com\/fr\/wp-json\/wp\/v2\/media\/1991"}],"wp:attachment":[{"href":"https:\/\/silk-pajamas.com\/fr\/wp-json\/wp\/v2\/media?parent=747"}],"wp:term":[{"taxonomy":"product_brand","embeddable":true,"href":"https:\/\/silk-pajamas.com\/fr\/wp-json\/wp\/v2\/product_brand?post=747"},{"taxonomy":"product_cat","embeddable":true,"href":"https:\/\/silk-pajamas.com\/fr\/wp-json\/wp\/v2\/product_cat?post=747"},{"taxonomy":"product_tag","embeddable":true,"href":"https:\/\/silk-pajamas.com\/fr\/wp-json\/wp\/v2\/product_tag?post=747"}],"curies":[{"name":"wp","href":"https:\/\/api.w.org\/{rel}","templated":true}]}}