{"id":749,"date":"2026-04-12T15:43:25","date_gmt":"2026-04-12T15:43:25","guid":{"rendered":"https:\/\/silk-pajamas.com\/22-momme-charmeuse-silk-scarf-square-wine-manufacturer\/"},"modified":"2026-05-08T03:13:20","modified_gmt":"2026-05-08T03:13:20","slug":"22-momme-charmeuse-silk-scarf-square-wine-manufacturer","status":"publish","type":"product","link":"https:\/\/silk-pajamas.com\/fr\/22-momme-charmeuse-silk-scarf-square-wine-manufacturer\/","title":{"rendered":"22 Foulard en soie Momme Charmeuse Carr\u00e9 Vin Fabricant"},"content":{"rendered":"<p>Cette \u00e9charpe en soie est fabriqu\u00e9e \u00e0 partir de 22 momme charmeuse de soie dans un ton de vin. Elle est carr\u00e9e, douce \u00e0 la main et d'un drap\u00e9 confortable pour les hommes. Le style convient aux tailles 53x53cm et convient parfaitement aux tenues d'\u00e9t\u00e9, aux cadeaux et au confort quotidien. Laver \u00e0 la main \u00e0 froid ou utiliser un cycle d\u00e9licat.<\/p>","protected":false},"excerpt":{"rendered":"<p>22 \u00e9charpe en soie Momme Charmeuse de couleur vin. Finition carr\u00e9e, toucher thermor\u00e9gulateur et taille 53x53cm. Con\u00e7u pour l'homme.<\/p>","protected":false},"featured_media":1998,"template":"","meta":{"_gspb_post_css":""},"product_brand":[],"product_cat":[34],"product_tag":[509,510,508],"class_list":{"0":"post-749","1":"product","2":"type-product","3":"status-publish","4":"has-post-thumbnail","6":"product_cat-silk-scarves","7":"product_tag-22-momme-silk-scarf-wine","8":"product_tag-charmeuse-silk-scarf-square","9":"product_tag-factory-silk-scarf-for-men","11":"first","12":"instock","13":"shipping-taxable","14":"purchasable","15":"product-type-simple"},"_links":{"self":[{"href":"https:\/\/silk-pajamas.com\/fr\/wp-json\/wp\/v2\/product\/749","targetHints":{"allow":["GET"]}}],"collection":[{"href":"https:\/\/silk-pajamas.com\/fr\/wp-json\/wp\/v2\/product"}],"about":[{"href":"https:\/\/silk-pajamas.com\/fr\/wp-json\/wp\/v2\/types\/product"}],"wp:featuredmedia":[{"embeddable":true,"href":"https:\/\/silk-pajamas.com\/fr\/wp-json\/wp\/v2\/media\/1998"}],"wp:attachment":[{"href":"https:\/\/silk-pajamas.com\/fr\/wp-json\/wp\/v2\/media?parent=749"}],"wp:term":[{"taxonomy":"product_brand","embeddable":true,"href":"https:\/\/silk-pajamas.com\/fr\/wp-json\/wp\/v2\/product_brand?post=749"},{"taxonomy":"product_cat","embeddable":true,"href":"https:\/\/silk-pajamas.com\/fr\/wp-json\/wp\/v2\/product_cat?post=749"},{"taxonomy":"product_tag","embeddable":true,"href":"https:\/\/silk-pajamas.com\/fr\/wp-json\/wp\/v2\/product_tag?post=749"}],"curies":[{"name":"wp","href":"https:\/\/api.w.org\/{rel}","templated":true}]}}