{"id":750,"date":"2026-04-12T15:43:25","date_gmt":"2026-04-12T15:43:25","guid":{"rendered":"https:\/\/silk-pajamas.com\/25-momme-soft-shine-mulberry-silk-scarf-hand-rolled-blush\/"},"modified":"2026-05-08T03:16:27","modified_gmt":"2026-05-08T03:16:27","slug":"25-momme-soft-shine-mulberry-silk-scarf-hand-rolled-blush","status":"publish","type":"product","link":"https:\/\/silk-pajamas.com\/fr\/25-momme-soft-shine-mulberry-silk-scarf-hand-rolled-blush\/","title":{"rendered":"25 Momme Soft Shine Mulberry Silk Scarf Hand Rolled Blush (\u00e9charpe en soie de m\u00fbrier enroul\u00e9e \u00e0 la main)"},"content":{"rendered":"<p>Confectionn\u00e9 en 25 momme de soie douce et brillante, ce foulard en soie associe des d\u00e9tails roul\u00e9s \u00e0 la main \u00e0 une brillance douce et \u00e0 un toucher respirant. La finition blush lui conf\u00e8re un aspect raffin\u00e9, tandis que les dimensions 65x65 cm permettent de couvrir les besoins essentiels. Il convient aux assortiments de cadeaux et aux garde-robes d'\u00e9t\u00e9. Laver \u00e0 la main \u00e0 froid ou utiliser un cycle d\u00e9licat.<\/p>","protected":false},"excerpt":{"rendered":"<p>25 Momme Soft Shine silk silk scarf in Blush. Finition roul\u00e9e \u00e0 la main, sensation de respirabilit\u00e9 et taille de 65x65cm. Con\u00e7u pour les assortiments de cadeaux.<\/p>","protected":false},"featured_media":2003,"template":"","meta":{"_gspb_post_css":""},"product_brand":[],"product_cat":[34],"product_tag":[511,513,512],"class_list":{"0":"post-750","1":"product","2":"type-product","3":"status-publish","4":"has-post-thumbnail","6":"product_cat-silk-scarves","7":"product_tag-25-momme-silk-scarf-blush","8":"product_tag-manufacturer-silk-scarf-for-gift-assortments","9":"product_tag-soft-shine-silk-scarf-hand-rolled","11":"first","12":"instock","13":"shipping-taxable","14":"purchasable","15":"product-type-simple"},"_links":{"self":[{"href":"https:\/\/silk-pajamas.com\/fr\/wp-json\/wp\/v2\/product\/750","targetHints":{"allow":["GET"]}}],"collection":[{"href":"https:\/\/silk-pajamas.com\/fr\/wp-json\/wp\/v2\/product"}],"about":[{"href":"https:\/\/silk-pajamas.com\/fr\/wp-json\/wp\/v2\/types\/product"}],"wp:featuredmedia":[{"embeddable":true,"href":"https:\/\/silk-pajamas.com\/fr\/wp-json\/wp\/v2\/media\/2003"}],"wp:attachment":[{"href":"https:\/\/silk-pajamas.com\/fr\/wp-json\/wp\/v2\/media?parent=750"}],"wp:term":[{"taxonomy":"product_brand","embeddable":true,"href":"https:\/\/silk-pajamas.com\/fr\/wp-json\/wp\/v2\/product_brand?post=750"},{"taxonomy":"product_cat","embeddable":true,"href":"https:\/\/silk-pajamas.com\/fr\/wp-json\/wp\/v2\/product_cat?post=750"},{"taxonomy":"product_tag","embeddable":true,"href":"https:\/\/silk-pajamas.com\/fr\/wp-json\/wp\/v2\/product_tag?post=750"}],"curies":[{"name":"wp","href":"https:\/\/api.w.org\/{rel}","templated":true}]}}