{"id":751,"date":"2026-04-12T15:43:25","date_gmt":"2026-04-12T15:43:25","guid":{"rendered":"https:\/\/silk-pajamas.com\/25-momme-mulberry-silk-scarf-printed-pearl-wholesale\/"},"modified":"2026-05-08T03:16:54","modified_gmt":"2026-05-08T03:16:54","slug":"25-momme-mulberry-silk-scarf-printed-pearl-wholesale","status":"publish","type":"product","link":"https:\/\/silk-pajamas.com\/fr\/25-momme-mulberry-silk-scarf-printed-pearl-wholesale\/","title":{"rendered":"25 Momme Mulberry Silk Scarf Printed Pearl Wholesale"},"content":{"rendered":"<p>Fabriqu\u00e9e avec 25 m\u00e8tres de soie de m\u00fbrier, cette \u00e9charpe en soie offre une r\u00e9gulation thermique, un toucher doux et un mouvement \u00e9l\u00e9gant. La construction imprim\u00e9e et la couleur perle permettent de conserver un aspect soign\u00e9 pour les assortiments de cadeaux. Disponible en 180x65cm. Laver \u00e0 la main \u00e0 froid ou utiliser un cycle d\u00e9licat.<\/p>","protected":false},"excerpt":{"rendered":"<p>25 Momme Mulberry silk silk scarf in Pearl. Finition imprim\u00e9e, toucher thermor\u00e9gulateur et taille 180x65cm. Con\u00e7u pour les assortiments de cadeaux.<\/p>","protected":false},"featured_media":1938,"template":"","meta":{"_gspb_post_css":""},"product_brand":[],"product_cat":[34],"product_tag":[496,514,505],"class_list":{"0":"post-751","1":"product","2":"type-product","3":"status-publish","4":"has-post-thumbnail","6":"product_cat-silk-scarves","7":"product_tag-25-momme-silk-scarf-pearl","8":"product_tag-mulberry-silk-scarf-printed","9":"product_tag-wholesale-silk-scarf-for-gift-assortments","11":"first","12":"instock","13":"featured","14":"shipping-taxable","15":"purchasable","16":"product-type-simple"},"_links":{"self":[{"href":"https:\/\/silk-pajamas.com\/fr\/wp-json\/wp\/v2\/product\/751","targetHints":{"allow":["GET"]}}],"collection":[{"href":"https:\/\/silk-pajamas.com\/fr\/wp-json\/wp\/v2\/product"}],"about":[{"href":"https:\/\/silk-pajamas.com\/fr\/wp-json\/wp\/v2\/types\/product"}],"wp:featuredmedia":[{"embeddable":true,"href":"https:\/\/silk-pajamas.com\/fr\/wp-json\/wp\/v2\/media\/1938"}],"wp:attachment":[{"href":"https:\/\/silk-pajamas.com\/fr\/wp-json\/wp\/v2\/media?parent=751"}],"wp:term":[{"taxonomy":"product_brand","embeddable":true,"href":"https:\/\/silk-pajamas.com\/fr\/wp-json\/wp\/v2\/product_brand?post=751"},{"taxonomy":"product_cat","embeddable":true,"href":"https:\/\/silk-pajamas.com\/fr\/wp-json\/wp\/v2\/product_cat?post=751"},{"taxonomy":"product_tag","embeddable":true,"href":"https:\/\/silk-pajamas.com\/fr\/wp-json\/wp\/v2\/product_tag?post=751"}],"curies":[{"name":"wp","href":"https:\/\/api.w.org\/{rel}","templated":true}]}}