{"id":754,"date":"2026-04-12T15:43:25","date_gmt":"2026-04-12T15:43:25","guid":{"rendered":"https:\/\/silk-pajamas.com\/25-momme-charmeuse-mulberry-silk-scarf-oblong-floral\/"},"modified":"2026-05-08T03:28:31","modified_gmt":"2026-05-08T03:28:31","slug":"25-momme-charmeuse-mulberry-silk-scarf-oblong-floral","status":"publish","type":"product","link":"https:\/\/silk-pajamas.com\/fr\/25-momme-charmeuse-mulberry-silk-scarf-oblong-floral\/","title":{"rendered":"25 Momme Charmeuse Mulberry Foulard en soie Oblong Floral"},"content":{"rendered":"<p>Confectionn\u00e9e en 25 momme charmeuse, cette \u00e9charpe en soie est l\u00e9g\u00e8re, douce au toucher et \u00e9l\u00e9gante au niveau du mouvement. Sa forme oblongue et sa couleur florale lui conf\u00e8rent une allure \u00e9l\u00e9gante pour les femmes. Disponible en 90x90cm. Laver \u00e0 la main \u00e0 froid ou utiliser un cycle d\u00e9licat.<\/p>","protected":false},"excerpt":{"rendered":"<p>25 \u00e9charpe en soie Momme Charmeuse, coloris floral. Finition oblongue, l\u00e9g\u00e8ret\u00e9 et taille 90x90cm. Con\u00e7u pour la femme.<\/p>","protected":false},"featured_media":2014,"template":"","meta":{"_gspb_post_css":""},"product_brand":[],"product_cat":[34],"product_tag":[521,522,523],"class_list":{"0":"post-754","1":"product","2":"type-product","3":"status-publish","4":"has-post-thumbnail","6":"product_cat-silk-scarves","7":"product_tag-25-momme-silk-scarf-floral","8":"product_tag-charmeuse-silk-scarf-oblong","9":"product_tag-manufacturer-silk-scarf-for-women","11":"first","12":"instock","13":"shipping-taxable","14":"purchasable","15":"product-type-simple"},"_links":{"self":[{"href":"https:\/\/silk-pajamas.com\/fr\/wp-json\/wp\/v2\/product\/754","targetHints":{"allow":["GET"]}}],"collection":[{"href":"https:\/\/silk-pajamas.com\/fr\/wp-json\/wp\/v2\/product"}],"about":[{"href":"https:\/\/silk-pajamas.com\/fr\/wp-json\/wp\/v2\/types\/product"}],"wp:featuredmedia":[{"embeddable":true,"href":"https:\/\/silk-pajamas.com\/fr\/wp-json\/wp\/v2\/media\/2014"}],"wp:attachment":[{"href":"https:\/\/silk-pajamas.com\/fr\/wp-json\/wp\/v2\/media?parent=754"}],"wp:term":[{"taxonomy":"product_brand","embeddable":true,"href":"https:\/\/silk-pajamas.com\/fr\/wp-json\/wp\/v2\/product_brand?post=754"},{"taxonomy":"product_cat","embeddable":true,"href":"https:\/\/silk-pajamas.com\/fr\/wp-json\/wp\/v2\/product_cat?post=754"},{"taxonomy":"product_tag","embeddable":true,"href":"https:\/\/silk-pajamas.com\/fr\/wp-json\/wp\/v2\/product_tag?post=754"}],"curies":[{"name":"wp","href":"https:\/\/api.w.org\/{rel}","templated":true}]}}