{"id":756,"date":"2026-04-12T15:43:25","date_gmt":"2026-04-12T15:43:25","guid":{"rendered":"https:\/\/silk-pajamas.com\/22-momme-mulberry-silk-scarf-double-sided-rose-vendor\/"},"modified":"2026-05-08T03:35:00","modified_gmt":"2026-05-08T03:35:00","slug":"22-momme-mulberry-silk-scarf-double-sided-rose-vendor","status":"publish","type":"product","link":"https:\/\/silk-pajamas.com\/fr\/22-momme-mulberry-silk-scarf-double-sided-rose-vendor\/","title":{"rendered":"22 Momme Foulard en soie de m\u00fbrier double face Vendeur de roses"},"content":{"rendered":"<p>Confectionn\u00e9e en soie de m\u00fbrier 22 momme, cette \u00e9charpe en soie combine des d\u00e9tails double face avec une brillance douce et un toucher respirant. La finition rose lui conf\u00e8re un aspect raffin\u00e9, tandis que les dimensions 180x65 cm permettent de r\u00e9pondre aux besoins essentiels. Il convient aux assortiments de cadeaux et aux garde-robes de toutes saisons. Laver \u00e0 la main \u00e0 froid ou utiliser un cycle d\u00e9licat.<\/p>","protected":false},"excerpt":{"rendered":"<p>22 Momme Mulberry silk silk scarf in Rose. Finition double face, toucher doux et taille de 180x65cm. Con\u00e7u pour les assortiments de cadeaux.<\/p>","protected":false},"featured_media":2023,"template":"","meta":{"_gspb_post_css":""},"product_brand":[],"product_cat":[34],"product_tag":[526,502,495],"class_list":{"0":"post-756","1":"product","2":"type-product","3":"status-publish","4":"has-post-thumbnail","6":"product_cat-silk-scarves","7":"product_tag-22-momme-silk-scarf-rose","8":"product_tag-mulberry-silk-scarf-double-sided","9":"product_tag-supplier-silk-scarf-for-gift-assortments","11":"first","12":"instock","13":"featured","14":"shipping-taxable","15":"purchasable","16":"product-type-simple"},"_links":{"self":[{"href":"https:\/\/silk-pajamas.com\/fr\/wp-json\/wp\/v2\/product\/756","targetHints":{"allow":["GET"]}}],"collection":[{"href":"https:\/\/silk-pajamas.com\/fr\/wp-json\/wp\/v2\/product"}],"about":[{"href":"https:\/\/silk-pajamas.com\/fr\/wp-json\/wp\/v2\/types\/product"}],"wp:featuredmedia":[{"embeddable":true,"href":"https:\/\/silk-pajamas.com\/fr\/wp-json\/wp\/v2\/media\/2023"}],"wp:attachment":[{"href":"https:\/\/silk-pajamas.com\/fr\/wp-json\/wp\/v2\/media?parent=756"}],"wp:term":[{"taxonomy":"product_brand","embeddable":true,"href":"https:\/\/silk-pajamas.com\/fr\/wp-json\/wp\/v2\/product_brand?post=756"},{"taxonomy":"product_cat","embeddable":true,"href":"https:\/\/silk-pajamas.com\/fr\/wp-json\/wp\/v2\/product_cat?post=756"},{"taxonomy":"product_tag","embeddable":true,"href":"https:\/\/silk-pajamas.com\/fr\/wp-json\/wp\/v2\/product_tag?post=756"}],"curies":[{"name":"wp","href":"https:\/\/api.w.org\/{rel}","templated":true}]}}