{"id":759,"date":"2026-04-12T15:43:26","date_gmt":"2026-04-12T15:43:26","guid":{"rendered":"https:\/\/silk-pajamas.com\/22-momme-double-layer-mulberry-silk-scarf-printed-wine\/"},"modified":"2026-05-06T09:26:27","modified_gmt":"2026-05-06T09:26:27","slug":"22-momme-double-layer-mulberry-silk-scarf-printed-wine","status":"publish","type":"product","link":"https:\/\/silk-pajamas.com\/fr\/22-momme-double-layer-mulberry-silk-scarf-printed-wine\/","title":{"rendered":"22 Momme Foulard double couche en soie de m\u00fbrier imprim\u00e9 vin"},"content":{"rendered":"<p>Cette \u00e9charpe en soie est fabriqu\u00e9e \u00e0 partir de 22 momme de soie double couche dans un ton de vin. Elle est imprim\u00e9e et offre un toucher doux et un drap\u00e9 confortable pour les femmes. Le mod\u00e8le convient aux tailles 53x53cm et convient parfaitement aux tenues d'automne, aux cadeaux et au confort quotidien. Laver \u00e0 la main \u00e0 froid ou utiliser un cycle d\u00e9licat.<\/p>","protected":false},"excerpt":{"rendered":"<p>22 Momme Double Layer silk silk scarf in Wine. Finition imprim\u00e9e, l\u00e9g\u00e8ret\u00e9 et taille 53x53cm. Con\u00e7u pour la femme.<\/p>","protected":false},"featured_media":1937,"template":"","meta":{"_gspb_post_css":""},"product_brand":[],"product_cat":[34],"product_tag":[509,529,530],"class_list":{"0":"post-759","1":"product","2":"type-product","3":"status-publish","4":"has-post-thumbnail","6":"product_cat-silk-scarves","7":"product_tag-22-momme-silk-scarf-wine","8":"product_tag-double-layer-silk-scarf-printed","9":"product_tag-factory-silk-scarf-for-women","11":"first","12":"instock","13":"shipping-taxable","14":"purchasable","15":"product-type-simple"},"_links":{"self":[{"href":"https:\/\/silk-pajamas.com\/fr\/wp-json\/wp\/v2\/product\/759","targetHints":{"allow":["GET"]}}],"collection":[{"href":"https:\/\/silk-pajamas.com\/fr\/wp-json\/wp\/v2\/product"}],"about":[{"href":"https:\/\/silk-pajamas.com\/fr\/wp-json\/wp\/v2\/types\/product"}],"wp:featuredmedia":[{"embeddable":true,"href":"https:\/\/silk-pajamas.com\/fr\/wp-json\/wp\/v2\/media\/1937"}],"wp:attachment":[{"href":"https:\/\/silk-pajamas.com\/fr\/wp-json\/wp\/v2\/media?parent=759"}],"wp:term":[{"taxonomy":"product_brand","embeddable":true,"href":"https:\/\/silk-pajamas.com\/fr\/wp-json\/wp\/v2\/product_brand?post=759"},{"taxonomy":"product_cat","embeddable":true,"href":"https:\/\/silk-pajamas.com\/fr\/wp-json\/wp\/v2\/product_cat?post=759"},{"taxonomy":"product_tag","embeddable":true,"href":"https:\/\/silk-pajamas.com\/fr\/wp-json\/wp\/v2\/product_tag?post=759"}],"curies":[{"name":"wp","href":"https:\/\/api.w.org\/{rel}","templated":true}]}}