{"id":764,"date":"2026-04-12T15:43:26","date_gmt":"2026-04-12T15:43:26","guid":{"rendered":"https:\/\/silk-pajamas.com\/22-momme-soft-shine-silk-scrunchie-gift-box-emerald\/"},"modified":"2026-05-06T10:15:33","modified_gmt":"2026-05-06T10:15:33","slug":"22-momme-soft-shine-silk-scrunchie-gift-box-emerald","status":"publish","type":"product","link":"https:\/\/silk-pajamas.com\/fr\/22-momme-soft-shine-silk-scrunchie-gift-box-emerald\/","title":{"rendered":"22 Momme Soft Shine Silk Scrunchie Gift Box Emerald"},"content":{"rendered":"<p>Fabriqu\u00e9 avec 22 momme de soie douce et brillante, ce chouchou pour cheveux offre un toucher doux, une sensation agr\u00e9able sur la peau et un mouvement \u00e9l\u00e9gant. L'emballage cadeau et la couleur \u00e9meraude permettent aux adolescents d'avoir un look soign\u00e9. Disponible en taille unique. Laver \u00e0 la main \u00e0 froid et poser \u00e0 plat.<\/p>","protected":false},"excerpt":{"rendered":"<p>22 Chouchou en soie Momme Soft Shine en Emeraude. Finition bo\u00eete cadeau, toucher doux et taille unique. Con\u00e7u pour les adolescents.<\/p>","protected":false},"featured_media":1960,"template":"","meta":{"_gspb_post_css":""},"product_brand":[],"product_cat":[36],"product_tag":[536,538,537],"class_list":{"0":"post-764","1":"product","2":"type-product","3":"status-publish","4":"has-post-thumbnail","6":"product_cat-silk-scrunchies","7":"product_tag-22-momme-silk-scrunchie-emerald","8":"product_tag-manufacturer-silk-scrunchie-for-teens","9":"product_tag-soft-shine-silk-scrunchie-gift-box","11":"first","12":"instock","13":"featured","14":"shipping-taxable","15":"purchasable","16":"product-type-simple"},"_links":{"self":[{"href":"https:\/\/silk-pajamas.com\/fr\/wp-json\/wp\/v2\/product\/764","targetHints":{"allow":["GET"]}}],"collection":[{"href":"https:\/\/silk-pajamas.com\/fr\/wp-json\/wp\/v2\/product"}],"about":[{"href":"https:\/\/silk-pajamas.com\/fr\/wp-json\/wp\/v2\/types\/product"}],"wp:featuredmedia":[{"embeddable":true,"href":"https:\/\/silk-pajamas.com\/fr\/wp-json\/wp\/v2\/media\/1960"}],"wp:attachment":[{"href":"https:\/\/silk-pajamas.com\/fr\/wp-json\/wp\/v2\/media?parent=764"}],"wp:term":[{"taxonomy":"product_brand","embeddable":true,"href":"https:\/\/silk-pajamas.com\/fr\/wp-json\/wp\/v2\/product_brand?post=764"},{"taxonomy":"product_cat","embeddable":true,"href":"https:\/\/silk-pajamas.com\/fr\/wp-json\/wp\/v2\/product_cat?post=764"},{"taxonomy":"product_tag","embeddable":true,"href":"https:\/\/silk-pajamas.com\/fr\/wp-json\/wp\/v2\/product_tag?post=764"}],"curies":[{"name":"wp","href":"https:\/\/api.w.org\/{rel}","templated":true}]}}