{"id":766,"date":"2026-04-12T15:43:26","date_gmt":"2026-04-12T15:43:26","guid":{"rendered":"https:\/\/silk-pajamas.com\/25-momme-charmeuse-silk-scrunchie-seamless-wine-supplier\/"},"modified":"2026-05-08T02:48:18","modified_gmt":"2026-05-08T02:48:18","slug":"25-momme-charmeuse-silk-scrunchie-seamless-wine-supplier","status":"publish","type":"product","link":"https:\/\/silk-pajamas.com\/fr\/25-momme-charmeuse-silk-scrunchie-seamless-wine-supplier\/","title":{"rendered":"25 Momme Charmeuse Soie Chouchou Sans couture Fournisseur de vin"},"content":{"rendered":"<p>Ce chouchou pour les cheveux est fabriqu\u00e9 en 25 momme charmeuse de soie, dans un ton lie-de-vin. Il se caract\u00e9rise par une absence de couture, une sensation de douceur et un drap\u00e9 confortable pour les assortiments de cadeaux. Ce chouchou est compatible avec la taille unique et convient parfaitement aux tenues de printemps, aux cadeaux et au confort quotidien. Laver \u00e0 la main \u00e0 froid et poser \u00e0 plat.<\/p>","protected":false},"excerpt":{"rendered":"<p>25 Chouchou en soie Momme Charmeuse en couleur vin. Finition sans couture, toucher infroissable et taille unique. Con\u00e7u pour les assortiments de cadeaux.<\/p>","protected":false},"featured_media":1964,"template":"","meta":{"_gspb_post_css":""},"product_brand":[],"product_cat":[36],"product_tag":[541,542,543],"class_list":{"0":"post-766","1":"product","2":"type-product","3":"status-publish","4":"has-post-thumbnail","6":"product_cat-silk-scrunchies","7":"product_tag-25-momme-silk-scrunchie-wine","8":"product_tag-charmeuse-silk-scrunchie-seamless","9":"product_tag-wholesale-silk-scrunchie-for-gift-assortments","11":"first","12":"instock","13":"shipping-taxable","14":"purchasable","15":"product-type-simple"},"_links":{"self":[{"href":"https:\/\/silk-pajamas.com\/fr\/wp-json\/wp\/v2\/product\/766","targetHints":{"allow":["GET"]}}],"collection":[{"href":"https:\/\/silk-pajamas.com\/fr\/wp-json\/wp\/v2\/product"}],"about":[{"href":"https:\/\/silk-pajamas.com\/fr\/wp-json\/wp\/v2\/types\/product"}],"wp:featuredmedia":[{"embeddable":true,"href":"https:\/\/silk-pajamas.com\/fr\/wp-json\/wp\/v2\/media\/1964"}],"wp:attachment":[{"href":"https:\/\/silk-pajamas.com\/fr\/wp-json\/wp\/v2\/media?parent=766"}],"wp:term":[{"taxonomy":"product_brand","embeddable":true,"href":"https:\/\/silk-pajamas.com\/fr\/wp-json\/wp\/v2\/product_brand?post=766"},{"taxonomy":"product_cat","embeddable":true,"href":"https:\/\/silk-pajamas.com\/fr\/wp-json\/wp\/v2\/product_cat?post=766"},{"taxonomy":"product_tag","embeddable":true,"href":"https:\/\/silk-pajamas.com\/fr\/wp-json\/wp\/v2\/product_tag?post=766"}],"curies":[{"name":"wp","href":"https:\/\/api.w.org\/{rel}","templated":true}]}}