{"id":773,"date":"2026-04-12T15:43:27","date_gmt":"2026-04-12T15:43:27","guid":{"rendered":"https:\/\/silk-pajamas.com\/19-momme-double-layer-silk-scrunchie-gift-box-sage\/"},"modified":"2026-05-06T08:55:28","modified_gmt":"2026-05-06T08:55:28","slug":"19-momme-double-layer-silk-scrunchie-gift-box-sage","status":"publish","type":"product","link":"https:\/\/silk-pajamas.com\/fr\/19-momme-double-layer-silk-scrunchie-gift-box-sage\/","title":{"rendered":"19 Momme Chouchou en soie double \u00e9paisseur Bo\u00eete cadeau Sauge"},"content":{"rendered":"<p>Ce chouchou pour les cheveux est fabriqu\u00e9 en soie double couche de 19 mm dans un ton de sauge. Il est emball\u00e9 dans une bo\u00eete cadeau et offre un toucher doux et un drap\u00e9 confortable pour les assortiments de cadeaux. Ce chouchou est disponible en taille unique et convient parfaitement aux tenues d'automne, aux cadeaux et au confort quotidien. Laver \u00e0 la main \u00e0 froid et poser \u00e0 plat.<\/p>","protected":false},"excerpt":{"rendered":"<p>19 Chouchou en soie double couche de Momme en sauge. Finition bo\u00eete cadeau, toucher lisse et drap\u00e9, taille unique. Con\u00e7u pour les assortiments de cadeaux.<\/p>","protected":false},"featured_media":1849,"template":"","meta":{"_gspb_post_css":""},"product_brand":[],"product_cat":[36],"product_tag":[560,561,540],"class_list":{"0":"post-773","1":"product","2":"type-product","3":"status-publish","4":"has-post-thumbnail","6":"product_cat-silk-scrunchies","7":"product_tag-19-momme-silk-scrunchie-sage","8":"product_tag-double-layer-silk-scrunchie-gift-box","9":"product_tag-supplier-silk-scrunchie-for-gift-assortments","11":"first","12":"instock","13":"shipping-taxable","14":"purchasable","15":"product-type-simple"},"_links":{"self":[{"href":"https:\/\/silk-pajamas.com\/fr\/wp-json\/wp\/v2\/product\/773","targetHints":{"allow":["GET"]}}],"collection":[{"href":"https:\/\/silk-pajamas.com\/fr\/wp-json\/wp\/v2\/product"}],"about":[{"href":"https:\/\/silk-pajamas.com\/fr\/wp-json\/wp\/v2\/types\/product"}],"wp:featuredmedia":[{"embeddable":true,"href":"https:\/\/silk-pajamas.com\/fr\/wp-json\/wp\/v2\/media\/1849"}],"wp:attachment":[{"href":"https:\/\/silk-pajamas.com\/fr\/wp-json\/wp\/v2\/media?parent=773"}],"wp:term":[{"taxonomy":"product_brand","embeddable":true,"href":"https:\/\/silk-pajamas.com\/fr\/wp-json\/wp\/v2\/product_brand?post=773"},{"taxonomy":"product_cat","embeddable":true,"href":"https:\/\/silk-pajamas.com\/fr\/wp-json\/wp\/v2\/product_cat?post=773"},{"taxonomy":"product_tag","embeddable":true,"href":"https:\/\/silk-pajamas.com\/fr\/wp-json\/wp\/v2\/product_tag?post=773"}],"curies":[{"name":"wp","href":"https:\/\/api.w.org\/{rel}","templated":true}]}}