{"id":774,"date":"2026-04-12T15:43:27","date_gmt":"2026-04-12T15:43:27","guid":{"rendered":"https:\/\/silk-pajamas.com\/25-momme-double-layer-mulberry-silk-scrunchie-5cm-leopard\/"},"modified":"2026-05-06T08:56:47","modified_gmt":"2026-05-06T08:56:47","slug":"25-momme-double-layer-mulberry-silk-scrunchie-5cm-leopard","status":"publish","type":"product","link":"https:\/\/silk-pajamas.com\/fr\/25-momme-double-layer-mulberry-silk-scrunchie-5cm-leopard\/","title":{"rendered":"25 Momme Chouchou double couche en soie de m\u00fbrier 5cm L\u00e9opard"},"content":{"rendered":"<p>Ce chouchou pour les cheveux est fabriqu\u00e9 en soie double couche de 25 mm dans un ton l\u00e9opard. Il est dot\u00e9 d'un n\u0153ud papillon, d'un toucher doux et d'un drap\u00e9 confortable pour les femmes. Il convient aux tailles de 5 cm et convient parfaitement aux tenues d'automne, aux cadeaux et au confort quotidien. Laver \u00e0 la main \u00e0 froid et poser \u00e0 plat.<\/p>","protected":false},"excerpt":{"rendered":"<p>25 Chouchou en soie double couche Momme en l\u00e9opard. Finition en n\u0153ud papillon, toucher infroissable et taille de 5cm. Con\u00e7u pour les femmes.<\/p>","protected":false},"featured_media":1883,"template":"","meta":{"_gspb_post_css":""},"product_brand":[],"product_cat":[36],"product_tag":[556,562,563],"class_list":{"0":"post-774","1":"product","2":"type-product","3":"status-publish","4":"has-post-thumbnail","6":"product_cat-silk-scrunchies","7":"product_tag-25-momme-silk-scrunchie-leopard","8":"product_tag-double-layer-silk-scrunchie-bowknot","9":"product_tag-wholesale-silk-scrunchie-for-women","11":"first","12":"instock","13":"featured","14":"shipping-taxable","15":"purchasable","16":"product-type-simple"},"_links":{"self":[{"href":"https:\/\/silk-pajamas.com\/fr\/wp-json\/wp\/v2\/product\/774","targetHints":{"allow":["GET"]}}],"collection":[{"href":"https:\/\/silk-pajamas.com\/fr\/wp-json\/wp\/v2\/product"}],"about":[{"href":"https:\/\/silk-pajamas.com\/fr\/wp-json\/wp\/v2\/types\/product"}],"wp:featuredmedia":[{"embeddable":true,"href":"https:\/\/silk-pajamas.com\/fr\/wp-json\/wp\/v2\/media\/1883"}],"wp:attachment":[{"href":"https:\/\/silk-pajamas.com\/fr\/wp-json\/wp\/v2\/media?parent=774"}],"wp:term":[{"taxonomy":"product_brand","embeddable":true,"href":"https:\/\/silk-pajamas.com\/fr\/wp-json\/wp\/v2\/product_brand?post=774"},{"taxonomy":"product_cat","embeddable":true,"href":"https:\/\/silk-pajamas.com\/fr\/wp-json\/wp\/v2\/product_cat?post=774"},{"taxonomy":"product_tag","embeddable":true,"href":"https:\/\/silk-pajamas.com\/fr\/wp-json\/wp\/v2\/product_tag?post=774"}],"curies":[{"name":"wp","href":"https:\/\/api.w.org\/{rel}","templated":true}]}}