{"id":775,"date":"2026-04-12T15:43:27","date_gmt":"2026-04-12T15:43:27","guid":{"rendered":"https:\/\/silk-pajamas.com\/19-momme-mulberry-silk-scrunchie-seamless-silver-vendor\/"},"modified":"2026-05-06T09:10:20","modified_gmt":"2026-05-06T09:10:20","slug":"19-momme-mulberry-silk-scrunchie-seamless-silver-vendor","status":"publish","type":"product","link":"https:\/\/silk-pajamas.com\/fr\/19-momme-mulberry-silk-scrunchie-seamless-silver-vendor\/","title":{"rendered":"19 Momme Mulberry Silk Scrunchie Seamless Silver Vendor"},"content":{"rendered":"<p>Ce chouchou pour les cheveux est fabriqu\u00e9 \u00e0 partir de 19 momme de soie de m\u00fbrier dans un ton argent\u00e9. Il se caract\u00e9rise par une absence de couture, une sensation de douceur et un drap\u00e9 confortable pour les adolescents. Ce chouchou est disponible en taille unique et convient parfaitement aux tenues d'automne, aux cadeaux et au confort quotidien. Laver \u00e0 la main \u00e0 froid et poser \u00e0 plat.<\/p>","protected":false},"excerpt":{"rendered":"<p>19 Chouchou en soie Momme Mulberry en argent. Finition sans couture, sensation de respirabilit\u00e9 et taille unique. Con\u00e7u pour les adolescents.<\/p>","protected":false},"featured_media":1915,"template":"","meta":{"_gspb_post_css":""},"product_brand":[],"product_cat":[36],"product_tag":[564,565,566],"class_list":{"0":"post-775","1":"product","2":"type-product","3":"status-publish","4":"has-post-thumbnail","6":"product_cat-silk-scrunchies","7":"product_tag-19-momme-silk-scrunchie-silver","8":"product_tag-mulberry-silk-scrunchie-seamless","9":"product_tag-supplier-silk-scrunchie-for-teens","11":"first","12":"instock","13":"shipping-taxable","14":"purchasable","15":"product-type-simple"},"_links":{"self":[{"href":"https:\/\/silk-pajamas.com\/fr\/wp-json\/wp\/v2\/product\/775","targetHints":{"allow":["GET"]}}],"collection":[{"href":"https:\/\/silk-pajamas.com\/fr\/wp-json\/wp\/v2\/product"}],"about":[{"href":"https:\/\/silk-pajamas.com\/fr\/wp-json\/wp\/v2\/types\/product"}],"wp:featuredmedia":[{"embeddable":true,"href":"https:\/\/silk-pajamas.com\/fr\/wp-json\/wp\/v2\/media\/1915"}],"wp:attachment":[{"href":"https:\/\/silk-pajamas.com\/fr\/wp-json\/wp\/v2\/media?parent=775"}],"wp:term":[{"taxonomy":"product_brand","embeddable":true,"href":"https:\/\/silk-pajamas.com\/fr\/wp-json\/wp\/v2\/product_brand?post=775"},{"taxonomy":"product_cat","embeddable":true,"href":"https:\/\/silk-pajamas.com\/fr\/wp-json\/wp\/v2\/product_cat?post=775"},{"taxonomy":"product_tag","embeddable":true,"href":"https:\/\/silk-pajamas.com\/fr\/wp-json\/wp\/v2\/product_tag?post=775"}],"curies":[{"name":"wp","href":"https:\/\/api.w.org\/{rel}","templated":true}]}}