{"id":777,"date":"2026-04-12T15:43:27","date_gmt":"2026-04-12T15:43:27","guid":{"rendered":"https:\/\/silk-pajamas.com\/22-momme-soft-shine-silk-scrunchie-gift-box-floral\/"},"modified":"2026-05-06T09:12:21","modified_gmt":"2026-05-06T09:12:21","slug":"22-momme-soft-shine-silk-scrunchie-gift-box-floral","status":"publish","type":"product","link":"https:\/\/silk-pajamas.com\/fr\/22-momme-soft-shine-silk-scrunchie-gift-box-floral\/","title":{"rendered":"22 Momme Soft Shine Silk Scrunchie Gift Box Floral"},"content":{"rendered":"<p>Fabriqu\u00e9 avec 22 momme de soie douce et brillante, ce chouchou pour les cheveux est l\u00e9ger, doux au toucher et offre un mouvement \u00e9l\u00e9gant. La bo\u00eete cadeau et la couleur florale permettent de conserver un look soign\u00e9 pour le soin des cheveux longs. Disponible en 5 cm. Laver \u00e0 la main \u00e0 froid et poser \u00e0 plat.<\/p>","protected":false},"excerpt":{"rendered":"<p>22 Chouchou en soie Momme Soft Shine \u00e0 motifs floraux. Finition bo\u00eete cadeau, l\u00e9g\u00e8ret\u00e9 et taille de 5 cm. Con\u00e7u pour les cheveux longs.<\/p>","protected":false},"featured_media":1923,"template":"","meta":{"_gspb_post_css":""},"product_brand":[],"product_cat":[36],"product_tag":[568,537,569],"class_list":{"0":"post-777","1":"product","2":"type-product","3":"status-publish","4":"has-post-thumbnail","6":"product_cat-silk-scrunchies","7":"product_tag-22-momme-silk-scrunchie-floral","8":"product_tag-soft-shine-silk-scrunchie-gift-box","9":"product_tag-supplier-silk-scrunchie-for-long-hair-care","11":"first","12":"instock","13":"shipping-taxable","14":"purchasable","15":"product-type-simple"},"_links":{"self":[{"href":"https:\/\/silk-pajamas.com\/fr\/wp-json\/wp\/v2\/product\/777","targetHints":{"allow":["GET"]}}],"collection":[{"href":"https:\/\/silk-pajamas.com\/fr\/wp-json\/wp\/v2\/product"}],"about":[{"href":"https:\/\/silk-pajamas.com\/fr\/wp-json\/wp\/v2\/types\/product"}],"wp:featuredmedia":[{"embeddable":true,"href":"https:\/\/silk-pajamas.com\/fr\/wp-json\/wp\/v2\/media\/1923"}],"wp:attachment":[{"href":"https:\/\/silk-pajamas.com\/fr\/wp-json\/wp\/v2\/media?parent=777"}],"wp:term":[{"taxonomy":"product_brand","embeddable":true,"href":"https:\/\/silk-pajamas.com\/fr\/wp-json\/wp\/v2\/product_brand?post=777"},{"taxonomy":"product_cat","embeddable":true,"href":"https:\/\/silk-pajamas.com\/fr\/wp-json\/wp\/v2\/product_cat?post=777"},{"taxonomy":"product_tag","embeddable":true,"href":"https:\/\/silk-pajamas.com\/fr\/wp-json\/wp\/v2\/product_tag?post=777"}],"curies":[{"name":"wp","href":"https:\/\/api.w.org\/{rel}","templated":true}]}}