{"id":780,"date":"2026-04-12T15:43:27","date_gmt":"2026-04-12T15:43:27","guid":{"rendered":"https:\/\/silk-pajamas.com\/25-momme-mulberry-silk-scrunchie-seamless-lilac-wholesale\/"},"modified":"2026-05-06T09:24:43","modified_gmt":"2026-05-06T09:24:43","slug":"25-momme-mulberry-silk-scrunchie-seamless-lilac-wholesale","status":"publish","type":"product","link":"https:\/\/silk-pajamas.com\/fr\/25-momme-mulberry-silk-scrunchie-seamless-lilac-wholesale\/","title":{"rendered":"25 Momme Chouchou en soie de m\u00fbrier Sans couture Lilas Wholesale"},"content":{"rendered":"<p>Fabriqu\u00e9 avec 25 m\u00e8tres de soie de m\u00fbrier, ce chouchou pour les cheveux est l\u00e9ger, doux au toucher et offre un mouvement \u00e9l\u00e9gant. La construction sans couture et la couleur lilas permettent d'obtenir un look soign\u00e9 pour les cheveux longs. Disponible en 3,5 cm. Laver \u00e0 la main \u00e0 froid et poser \u00e0 plat.<\/p>","protected":false},"excerpt":{"rendered":"<p>25 Chouchou en soie Momme Mulberry en Lilas. Finition sans couture, sensation de l\u00e9g\u00e8ret\u00e9 et taille de 3,5 cm. Con\u00e7u pour les cheveux longs.<\/p>","protected":false},"featured_media":1935,"template":"","meta":{"_gspb_post_css":""},"product_brand":[],"product_cat":[36],"product_tag":[573,565,569],"class_list":{"0":"post-780","1":"product","2":"type-product","3":"status-publish","4":"has-post-thumbnail","6":"product_cat-silk-scrunchies","7":"product_tag-25-momme-silk-scrunchie-lilac","8":"product_tag-mulberry-silk-scrunchie-seamless","9":"product_tag-supplier-silk-scrunchie-for-long-hair-care","11":"first","12":"instock","13":"shipping-taxable","14":"purchasable","15":"product-type-simple"},"_links":{"self":[{"href":"https:\/\/silk-pajamas.com\/fr\/wp-json\/wp\/v2\/product\/780","targetHints":{"allow":["GET"]}}],"collection":[{"href":"https:\/\/silk-pajamas.com\/fr\/wp-json\/wp\/v2\/product"}],"about":[{"href":"https:\/\/silk-pajamas.com\/fr\/wp-json\/wp\/v2\/types\/product"}],"wp:featuredmedia":[{"embeddable":true,"href":"https:\/\/silk-pajamas.com\/fr\/wp-json\/wp\/v2\/media\/1935"}],"wp:attachment":[{"href":"https:\/\/silk-pajamas.com\/fr\/wp-json\/wp\/v2\/media?parent=780"}],"wp:term":[{"taxonomy":"product_brand","embeddable":true,"href":"https:\/\/silk-pajamas.com\/fr\/wp-json\/wp\/v2\/product_brand?post=780"},{"taxonomy":"product_cat","embeddable":true,"href":"https:\/\/silk-pajamas.com\/fr\/wp-json\/wp\/v2\/product_cat?post=780"},{"taxonomy":"product_tag","embeddable":true,"href":"https:\/\/silk-pajamas.com\/fr\/wp-json\/wp\/v2\/product_tag?post=780"}],"curies":[{"name":"wp","href":"https:\/\/api.w.org\/{rel}","templated":true}]}}