{"id":781,"date":"2026-04-12T15:43:28","date_gmt":"2026-04-12T15:43:28","guid":{"rendered":"https:\/\/silk-pajamas.com\/22-momme-mulberry-silk-scrunchie-skinny-black-manufacturer\/"},"modified":"2026-05-06T07:39:39","modified_gmt":"2026-05-06T07:39:39","slug":"22-momme-mulberry-silk-scrunchie-skinny-black-manufacturer","status":"publish","type":"product","link":"https:\/\/silk-pajamas.com\/fr\/22-momme-mulberry-silk-scrunchie-skinny-black-manufacturer\/","title":{"rendered":"22 Momme Chouchou en soie de m\u00fbrier Skinny Noir Fabricant"},"content":{"rendered":"<p>Ce chouchou pour les cheveux est fabriqu\u00e9 \u00e0 partir de 22 momme de soie de m\u00fbrier dans un ton noir. Il se caract\u00e9rise par sa finesse, sa douceur et son drap\u00e9 confortable pour les adolescents. Il convient aux tailles de 5 cm et convient parfaitement aux tenues de printemps, aux cadeaux et au confort quotidien. Laver \u00e0 la main \u00e0 froid et poser \u00e0 plat.<\/p>","protected":false},"excerpt":{"rendered":"<p>22 Chouchou en soie Momme Mulberry en noir. Finition fine, sensation de drap\u00e9 lisse et taille de 5 cm. Con\u00e7u pour les adolescents.<\/p>","protected":false},"featured_media":1847,"template":"","meta":{"_gspb_post_css":""},"product_brand":[],"product_cat":[36],"product_tag":[574,576,575],"class_list":{"0":"post-781","1":"product","2":"type-product","3":"status-publish","4":"has-post-thumbnail","6":"product_cat-silk-scrunchies","7":"product_tag-22-momme-silk-scrunchie-black","8":"product_tag-factory-silk-scrunchie-for-teens","9":"product_tag-mulberry-silk-scrunchie-skinny","11":"first","12":"instock","13":"shipping-taxable","14":"purchasable","15":"product-type-simple"},"_links":{"self":[{"href":"https:\/\/silk-pajamas.com\/fr\/wp-json\/wp\/v2\/product\/781","targetHints":{"allow":["GET"]}}],"collection":[{"href":"https:\/\/silk-pajamas.com\/fr\/wp-json\/wp\/v2\/product"}],"about":[{"href":"https:\/\/silk-pajamas.com\/fr\/wp-json\/wp\/v2\/types\/product"}],"wp:featuredmedia":[{"embeddable":true,"href":"https:\/\/silk-pajamas.com\/fr\/wp-json\/wp\/v2\/media\/1847"}],"wp:attachment":[{"href":"https:\/\/silk-pajamas.com\/fr\/wp-json\/wp\/v2\/media?parent=781"}],"wp:term":[{"taxonomy":"product_brand","embeddable":true,"href":"https:\/\/silk-pajamas.com\/fr\/wp-json\/wp\/v2\/product_brand?post=781"},{"taxonomy":"product_cat","embeddable":true,"href":"https:\/\/silk-pajamas.com\/fr\/wp-json\/wp\/v2\/product_cat?post=781"},{"taxonomy":"product_tag","embeddable":true,"href":"https:\/\/silk-pajamas.com\/fr\/wp-json\/wp\/v2\/product_tag?post=781"}],"curies":[{"name":"wp","href":"https:\/\/api.w.org\/{rel}","templated":true}]}}