{"id":782,"date":"2026-04-12T15:43:28","date_gmt":"2026-04-12T15:43:28","guid":{"rendered":"https:\/\/silk-pajamas.com\/25-momme-double-layer-mulberry-silk-scrunchie-oversized-sage\/"},"modified":"2026-05-06T07:41:49","modified_gmt":"2026-05-06T07:41:49","slug":"25-momme-double-layer-mulberry-silk-scrunchie-oversized-sage","status":"publish","type":"product","link":"https:\/\/silk-pajamas.com\/fr\/25-momme-double-layer-mulberry-silk-scrunchie-oversized-sage\/","title":{"rendered":"25 Momme Chouchou double couche en soie de m\u00fbrier Oversized Sage"},"content":{"rendered":"<p>Fabriqu\u00e9 en soie double couche de 25 mm, ce chouchou pour les cheveux offre une r\u00e9gulation thermique, un toucher doux et un mouvement \u00e9l\u00e9gant. La construction surdimensionn\u00e9e et la couleur sauge conf\u00e8rent \u00e0 ce chouchou un look raffin\u00e9 pour les femmes. Disponible en 7 cm. Laver \u00e0 la main \u00e0 froid et poser \u00e0 plat.<\/p>","protected":false},"excerpt":{"rendered":"<p>25 Chouchou en soie double couche de Momme en sauge. Finition surdimensionn\u00e9e, sensation de thermor\u00e9gulation et taille de 7 cm. Con\u00e7u pour les femmes.<\/p>","protected":false},"featured_media":1849,"template":"","meta":{"_gspb_post_css":""},"product_brand":[],"product_cat":[36],"product_tag":[577,554,563],"class_list":{"0":"post-782","1":"product","2":"type-product","3":"status-publish","4":"has-post-thumbnail","6":"product_cat-silk-scrunchies","7":"product_tag-25-momme-silk-scrunchie-sage","8":"product_tag-double-layer-silk-scrunchie-oversized","9":"product_tag-wholesale-silk-scrunchie-for-women","11":"first","12":"instock","13":"shipping-taxable","14":"purchasable","15":"product-type-simple"},"_links":{"self":[{"href":"https:\/\/silk-pajamas.com\/fr\/wp-json\/wp\/v2\/product\/782","targetHints":{"allow":["GET"]}}],"collection":[{"href":"https:\/\/silk-pajamas.com\/fr\/wp-json\/wp\/v2\/product"}],"about":[{"href":"https:\/\/silk-pajamas.com\/fr\/wp-json\/wp\/v2\/types\/product"}],"wp:featuredmedia":[{"embeddable":true,"href":"https:\/\/silk-pajamas.com\/fr\/wp-json\/wp\/v2\/media\/1849"}],"wp:attachment":[{"href":"https:\/\/silk-pajamas.com\/fr\/wp-json\/wp\/v2\/media?parent=782"}],"wp:term":[{"taxonomy":"product_brand","embeddable":true,"href":"https:\/\/silk-pajamas.com\/fr\/wp-json\/wp\/v2\/product_brand?post=782"},{"taxonomy":"product_cat","embeddable":true,"href":"https:\/\/silk-pajamas.com\/fr\/wp-json\/wp\/v2\/product_cat?post=782"},{"taxonomy":"product_tag","embeddable":true,"href":"https:\/\/silk-pajamas.com\/fr\/wp-json\/wp\/v2\/product_tag?post=782"}],"curies":[{"name":"wp","href":"https:\/\/api.w.org\/{rel}","templated":true}]}}