{"id":783,"date":"2026-04-12T15:43:28","date_gmt":"2026-04-12T15:43:28","guid":{"rendered":"https:\/\/silk-pajamas.com\/22-momme-double-layer-silk-scrunchie-seamless-lilac\/"},"modified":"2026-05-06T07:43:55","modified_gmt":"2026-05-06T07:43:55","slug":"22-momme-double-layer-silk-scrunchie-seamless-lilac","status":"publish","type":"product","link":"https:\/\/silk-pajamas.com\/fr\/22-momme-double-layer-silk-scrunchie-seamless-lilac\/","title":{"rendered":"22 Momme Chouchou double couche en soie sans couture Lilas"},"content":{"rendered":"<p>Fabriqu\u00e9 en soie double couche 22 momme, ce chouchou pour les cheveux est l\u00e9ger, doux au toucher et offre un mouvement \u00e9l\u00e9gant. La construction sans couture et la couleur lilas permettent aux adolescents d'avoir un look soign\u00e9. Disponible en taille unique. Laver \u00e0 la main \u00e0 froid et poser \u00e0 plat.<\/p>","protected":false},"excerpt":{"rendered":"<p>22 Chouchou en soie double couche Momme en lilas. Finition sans couture, sensation de l\u00e9g\u00e8ret\u00e9 et taille unique. Con\u00e7u pour les adolescents.<\/p>","protected":false},"featured_media":1854,"template":"","meta":{"_gspb_post_css":""},"product_brand":[],"product_cat":[36],"product_tag":[578,548,566],"class_list":{"0":"post-783","1":"product","2":"type-product","3":"status-publish","4":"has-post-thumbnail","6":"product_cat-silk-scrunchies","7":"product_tag-22-momme-silk-scrunchie-lilac","8":"product_tag-double-layer-silk-scrunchie-seamless","9":"product_tag-supplier-silk-scrunchie-for-teens","11":"first","12":"instock","13":"shipping-taxable","14":"purchasable","15":"product-type-simple"},"_links":{"self":[{"href":"https:\/\/silk-pajamas.com\/fr\/wp-json\/wp\/v2\/product\/783","targetHints":{"allow":["GET"]}}],"collection":[{"href":"https:\/\/silk-pajamas.com\/fr\/wp-json\/wp\/v2\/product"}],"about":[{"href":"https:\/\/silk-pajamas.com\/fr\/wp-json\/wp\/v2\/types\/product"}],"wp:featuredmedia":[{"embeddable":true,"href":"https:\/\/silk-pajamas.com\/fr\/wp-json\/wp\/v2\/media\/1854"}],"wp:attachment":[{"href":"https:\/\/silk-pajamas.com\/fr\/wp-json\/wp\/v2\/media?parent=783"}],"wp:term":[{"taxonomy":"product_brand","embeddable":true,"href":"https:\/\/silk-pajamas.com\/fr\/wp-json\/wp\/v2\/product_brand?post=783"},{"taxonomy":"product_cat","embeddable":true,"href":"https:\/\/silk-pajamas.com\/fr\/wp-json\/wp\/v2\/product_cat?post=783"},{"taxonomy":"product_tag","embeddable":true,"href":"https:\/\/silk-pajamas.com\/fr\/wp-json\/wp\/v2\/product_tag?post=783"}],"curies":[{"name":"wp","href":"https:\/\/api.w.org\/{rel}","templated":true}]}}