{"id":785,"date":"2026-04-12T15:43:28","date_gmt":"2026-04-12T15:43:28","guid":{"rendered":"https:\/\/silk-pajamas.com\/25-momme-soft-shine-mulberry-silk-scrunchie-gift-box-rose\/"},"modified":"2026-05-06T07:51:16","modified_gmt":"2026-05-06T07:51:16","slug":"25-momme-soft-shine-mulberry-silk-scrunchie-gift-box-rose","status":"publish","type":"product","link":"https:\/\/silk-pajamas.com\/fr\/25-momme-soft-shine-mulberry-silk-scrunchie-gift-box-rose\/","title":{"rendered":"25 Momme Soft Shine Mulberry Silk Scrunchie Gift Box Rose"},"content":{"rendered":"<p>Fabriqu\u00e9 \u00e0 partir de 25 m\u00e8tres de soie douce et brillante, ce chouchou pour les cheveux est l\u00e9ger, doux au toucher et offre un mouvement \u00e9l\u00e9gant. L'emballage cadeau et la couleur rose permettent de conserver un aspect soign\u00e9 pour les assortiments de cadeaux. Disponible en taille unique. Laver \u00e0 la main \u00e0 froid et poser \u00e0 plat.<\/p>","protected":false},"excerpt":{"rendered":"<p>25 Chouchou en soie Momme Soft Shine en Rose. Finition bo\u00eete cadeau, l\u00e9g\u00e8ret\u00e9 et taille unique. Con\u00e7u pour les assortiments de cadeaux.<\/p>","protected":false},"featured_media":1863,"template":"","meta":{"_gspb_post_css":""},"product_brand":[],"product_cat":[36],"product_tag":[581,582,537],"class_list":{"0":"post-785","1":"product","2":"type-product","3":"status-publish","4":"has-post-thumbnail","6":"product_cat-silk-scrunchies","7":"product_tag-25-momme-silk-scrunchie-rose","8":"product_tag-manufacturer-silk-scrunchie-for-gift-assortments","9":"product_tag-soft-shine-silk-scrunchie-gift-box","11":"first","12":"instock","13":"shipping-taxable","14":"purchasable","15":"product-type-simple"},"_links":{"self":[{"href":"https:\/\/silk-pajamas.com\/fr\/wp-json\/wp\/v2\/product\/785","targetHints":{"allow":["GET"]}}],"collection":[{"href":"https:\/\/silk-pajamas.com\/fr\/wp-json\/wp\/v2\/product"}],"about":[{"href":"https:\/\/silk-pajamas.com\/fr\/wp-json\/wp\/v2\/types\/product"}],"wp:featuredmedia":[{"embeddable":true,"href":"https:\/\/silk-pajamas.com\/fr\/wp-json\/wp\/v2\/media\/1863"}],"wp:attachment":[{"href":"https:\/\/silk-pajamas.com\/fr\/wp-json\/wp\/v2\/media?parent=785"}],"wp:term":[{"taxonomy":"product_brand","embeddable":true,"href":"https:\/\/silk-pajamas.com\/fr\/wp-json\/wp\/v2\/product_brand?post=785"},{"taxonomy":"product_cat","embeddable":true,"href":"https:\/\/silk-pajamas.com\/fr\/wp-json\/wp\/v2\/product_cat?post=785"},{"taxonomy":"product_tag","embeddable":true,"href":"https:\/\/silk-pajamas.com\/fr\/wp-json\/wp\/v2\/product_tag?post=785"}],"curies":[{"name":"wp","href":"https:\/\/api.w.org\/{rel}","templated":true}]}}