{"id":786,"date":"2026-04-12T15:43:28","date_gmt":"2026-04-12T15:43:28","guid":{"rendered":"https:\/\/silk-pajamas.com\/25-momme-charmeuse-silk-scrunchie-skinny-pearl-manufacturer\/"},"modified":"2026-05-06T07:54:07","modified_gmt":"2026-05-06T07:54:07","slug":"25-momme-charmeuse-silk-scrunchie-skinny-pearl-manufacturer","status":"publish","type":"product","link":"https:\/\/silk-pajamas.com\/fr\/25-momme-charmeuse-silk-scrunchie-skinny-pearl-manufacturer\/","title":{"rendered":"25 Momme Charmeuse Soie Chouchou Skinny Perle Fabricant"},"content":{"rendered":"<p>Fabriqu\u00e9 avec 25 momme de soie charmeuse, ce chouchou pour cheveux offre un drap\u00e9 lisse, un toucher doux et un mouvement \u00e9l\u00e9gant. La construction fine et la couleur perle assurent un look raffin\u00e9 pour les adolescents. Disponible en taille unique. Laver \u00e0 la main \u00e0 froid et poser \u00e0 plat.<\/p>","protected":false},"excerpt":{"rendered":"<p>25 Chouchou en soie Momme Charmeuse en perle. Finition fine, drap\u00e9 doux et taille unique. Con\u00e7u pour les adolescents.<\/p>","protected":false},"featured_media":1871,"template":"","meta":{"_gspb_post_css":""},"product_brand":[],"product_cat":[36],"product_tag":[583,545,566],"class_list":{"0":"post-786","1":"product","2":"type-product","3":"status-publish","4":"has-post-thumbnail","6":"product_cat-silk-scrunchies","7":"product_tag-25-momme-silk-scrunchie-pearl","8":"product_tag-charmeuse-silk-scrunchie-skinny","9":"product_tag-supplier-silk-scrunchie-for-teens","11":"first","12":"instock","13":"shipping-taxable","14":"purchasable","15":"product-type-simple"},"_links":{"self":[{"href":"https:\/\/silk-pajamas.com\/fr\/wp-json\/wp\/v2\/product\/786","targetHints":{"allow":["GET"]}}],"collection":[{"href":"https:\/\/silk-pajamas.com\/fr\/wp-json\/wp\/v2\/product"}],"about":[{"href":"https:\/\/silk-pajamas.com\/fr\/wp-json\/wp\/v2\/types\/product"}],"wp:featuredmedia":[{"embeddable":true,"href":"https:\/\/silk-pajamas.com\/fr\/wp-json\/wp\/v2\/media\/1871"}],"wp:attachment":[{"href":"https:\/\/silk-pajamas.com\/fr\/wp-json\/wp\/v2\/media?parent=786"}],"wp:term":[{"taxonomy":"product_brand","embeddable":true,"href":"https:\/\/silk-pajamas.com\/fr\/wp-json\/wp\/v2\/product_brand?post=786"},{"taxonomy":"product_cat","embeddable":true,"href":"https:\/\/silk-pajamas.com\/fr\/wp-json\/wp\/v2\/product_cat?post=786"},{"taxonomy":"product_tag","embeddable":true,"href":"https:\/\/silk-pajamas.com\/fr\/wp-json\/wp\/v2\/product_tag?post=786"}],"curies":[{"name":"wp","href":"https:\/\/api.w.org\/{rel}","templated":true}]}}