{"id":787,"date":"2026-04-12T15:43:28","date_gmt":"2026-04-12T15:43:28","guid":{"rendered":"https:\/\/silk-pajamas.com\/19-momme-charmeuse-silk-scrunchie-seamless-blush\/"},"modified":"2026-05-06T07:56:45","modified_gmt":"2026-05-06T07:56:45","slug":"19-momme-charmeuse-silk-scrunchie-seamless-blush","status":"publish","type":"product","link":"https:\/\/silk-pajamas.com\/fr\/19-momme-charmeuse-silk-scrunchie-seamless-blush\/","title":{"rendered":"19 Momme Charmeuse Chouchou en soie sans couture Blush"},"content":{"rendered":"<p>Fabriqu\u00e9 \u00e0 partir de 19 momme charmeuse de soie, ce chouchou pour cheveux offre une thermor\u00e9gulation, un toucher doux et un mouvement \u00e9l\u00e9gant. La construction sans couture et la couleur blush assurent un look raffin\u00e9 pour les adolescents. Disponible en taille unique. Laver \u00e0 la main \u00e0 froid et poser \u00e0 plat.<\/p>","protected":false},"excerpt":{"rendered":"<p>19 Chouchou en soie Momme Charmeuse en Blush. Finition sans couture, sensation de thermor\u00e9gulation et taille unique. Con\u00e7u pour les adolescents.<\/p>","protected":false},"featured_media":1877,"template":"","meta":{"_gspb_post_css":""},"product_brand":[],"product_cat":[36],"product_tag":[584,542,585],"class_list":{"0":"post-787","1":"product","2":"type-product","3":"status-publish","4":"has-post-thumbnail","6":"product_cat-silk-scrunchies","7":"product_tag-19-momme-silk-scrunchie-blush","8":"product_tag-charmeuse-silk-scrunchie-seamless","9":"product_tag-wholesale-silk-scrunchie-for-teens","11":"first","12":"instock","13":"shipping-taxable","14":"purchasable","15":"product-type-simple"},"_links":{"self":[{"href":"https:\/\/silk-pajamas.com\/fr\/wp-json\/wp\/v2\/product\/787","targetHints":{"allow":["GET"]}}],"collection":[{"href":"https:\/\/silk-pajamas.com\/fr\/wp-json\/wp\/v2\/product"}],"about":[{"href":"https:\/\/silk-pajamas.com\/fr\/wp-json\/wp\/v2\/types\/product"}],"wp:featuredmedia":[{"embeddable":true,"href":"https:\/\/silk-pajamas.com\/fr\/wp-json\/wp\/v2\/media\/1877"}],"wp:attachment":[{"href":"https:\/\/silk-pajamas.com\/fr\/wp-json\/wp\/v2\/media?parent=787"}],"wp:term":[{"taxonomy":"product_brand","embeddable":true,"href":"https:\/\/silk-pajamas.com\/fr\/wp-json\/wp\/v2\/product_brand?post=787"},{"taxonomy":"product_cat","embeddable":true,"href":"https:\/\/silk-pajamas.com\/fr\/wp-json\/wp\/v2\/product_cat?post=787"},{"taxonomy":"product_tag","embeddable":true,"href":"https:\/\/silk-pajamas.com\/fr\/wp-json\/wp\/v2\/product_tag?post=787"}],"curies":[{"name":"wp","href":"https:\/\/api.w.org\/{rel}","templated":true}]}}