{"id":788,"date":"2026-04-12T15:43:28","date_gmt":"2026-04-12T15:43:28","guid":{"rendered":"https:\/\/silk-pajamas.com\/19-momme-charmeuse-mulberry-silk-scrunchie-ruffled-leopard\/"},"modified":"2026-05-06T08:01:03","modified_gmt":"2026-05-06T08:01:03","slug":"19-momme-charmeuse-mulberry-silk-scrunchie-ruffled-leopard","status":"publish","type":"product","link":"https:\/\/silk-pajamas.com\/fr\/19-momme-charmeuse-mulberry-silk-scrunchie-ruffled-leopard\/","title":{"rendered":"19 Momme Charmeuse Mulberry Silk Scrunchie Ruffled Leopard"},"content":{"rendered":"<p>Ce chouchou pour les cheveux est fabriqu\u00e9 \u00e0 partir de 19 momme charmeuse de soie dans un ton l\u00e9opard. Il pr\u00e9sente des volants, un toucher doux et un drap\u00e9 confortable pour les adolescents. Ce chouchou est disponible en taille unique et convient parfaitement aux tenues de printemps, aux cadeaux et au confort quotidien. Laver \u00e0 la main \u00e0 froid et poser \u00e0 plat.<\/p>","protected":false},"excerpt":{"rendered":"<p>19 Chouchou en soie Momme Charmeuse en l\u00e9opard. Finition froiss\u00e9e, l\u00e9g\u00e8ret\u00e9 et taille unique. Con\u00e7u pour les adolescents.<\/p>","protected":false},"featured_media":1878,"template":"","meta":{"_gspb_post_css":""},"product_brand":[],"product_cat":[36],"product_tag":[586,587,566],"class_list":{"0":"post-788","1":"product","2":"type-product","3":"status-publish","4":"has-post-thumbnail","6":"product_cat-silk-scrunchies","7":"product_tag-19-momme-silk-scrunchie-leopard","8":"product_tag-charmeuse-silk-scrunchie-ruffled","9":"product_tag-supplier-silk-scrunchie-for-teens","11":"first","12":"instock","13":"shipping-taxable","14":"purchasable","15":"product-type-simple"},"_links":{"self":[{"href":"https:\/\/silk-pajamas.com\/fr\/wp-json\/wp\/v2\/product\/788","targetHints":{"allow":["GET"]}}],"collection":[{"href":"https:\/\/silk-pajamas.com\/fr\/wp-json\/wp\/v2\/product"}],"about":[{"href":"https:\/\/silk-pajamas.com\/fr\/wp-json\/wp\/v2\/types\/product"}],"wp:featuredmedia":[{"embeddable":true,"href":"https:\/\/silk-pajamas.com\/fr\/wp-json\/wp\/v2\/media\/1878"}],"wp:attachment":[{"href":"https:\/\/silk-pajamas.com\/fr\/wp-json\/wp\/v2\/media?parent=788"}],"wp:term":[{"taxonomy":"product_brand","embeddable":true,"href":"https:\/\/silk-pajamas.com\/fr\/wp-json\/wp\/v2\/product_brand?post=788"},{"taxonomy":"product_cat","embeddable":true,"href":"https:\/\/silk-pajamas.com\/fr\/wp-json\/wp\/v2\/product_cat?post=788"},{"taxonomy":"product_tag","embeddable":true,"href":"https:\/\/silk-pajamas.com\/fr\/wp-json\/wp\/v2\/product_tag?post=788"}],"curies":[{"name":"wp","href":"https:\/\/api.w.org\/{rel}","templated":true}]}}