{"id":791,"date":"2026-04-12T15:43:28","date_gmt":"2026-04-12T15:43:28","guid":{"rendered":"https:\/\/silk-pajamas.com\/25-momme-sandwashed-silk-cami-tank-v-neck-champagne\/"},"modified":"2026-05-06T08:08:21","modified_gmt":"2026-05-06T08:08:21","slug":"25-momme-sandwashed-silk-cami-tank-v-neck-champagne","status":"publish","type":"product","link":"https:\/\/silk-pajamas.com\/fr\/25-momme-sandwashed-silk-cami-tank-v-neck-champagne\/","title":{"rendered":"25 Momme Sandwashed Silk Cami Tank V Neck Champagne"},"content":{"rendered":"<p>Fabriqu\u00e9 avec de la soie sabl\u00e9e de 25 mm, ce top cami offre un drap\u00e9 lisse, un toucher doux et des mouvements \u00e9l\u00e9gants. Son col en V et sa couleur champagne lui conf\u00e8rent une allure \u00e9l\u00e9gante. Disponible en S, M, L, XL, XXL. Laver \u00e0 la main \u00e0 froid ou utiliser un cycle d\u00e9licat.<\/p>","protected":false},"excerpt":{"rendered":"<p>25 Camisole en soie lav\u00e9e de Momme, coloris champagne. Finition col en V, toucher drap\u00e9 et tailles S, M, L, XL, XXL. Con\u00e7u pour la femme.<\/p>","protected":false},"featured_media":1893,"template":"","meta":{"_gspb_post_css":""},"product_brand":[],"product_cat":[30],"product_tag":[593,595,594],"class_list":{"0":"post-791","1":"product","2":"type-product","3":"status-publish","4":"has-post-thumbnail","6":"product_cat-silk-cami-tank-top","7":"product_tag-25-momme-silk-cami-top-champagne","8":"product_tag-factory-silk-cami-top-for-women","9":"product_tag-sandwashed-silk-cami-top-v-neck","11":"first","12":"instock","13":"shipping-taxable","14":"purchasable","15":"product-type-simple"},"_links":{"self":[{"href":"https:\/\/silk-pajamas.com\/fr\/wp-json\/wp\/v2\/product\/791","targetHints":{"allow":["GET"]}}],"collection":[{"href":"https:\/\/silk-pajamas.com\/fr\/wp-json\/wp\/v2\/product"}],"about":[{"href":"https:\/\/silk-pajamas.com\/fr\/wp-json\/wp\/v2\/types\/product"}],"wp:featuredmedia":[{"embeddable":true,"href":"https:\/\/silk-pajamas.com\/fr\/wp-json\/wp\/v2\/media\/1893"}],"wp:attachment":[{"href":"https:\/\/silk-pajamas.com\/fr\/wp-json\/wp\/v2\/media?parent=791"}],"wp:term":[{"taxonomy":"product_brand","embeddable":true,"href":"https:\/\/silk-pajamas.com\/fr\/wp-json\/wp\/v2\/product_brand?post=791"},{"taxonomy":"product_cat","embeddable":true,"href":"https:\/\/silk-pajamas.com\/fr\/wp-json\/wp\/v2\/product_cat?post=791"},{"taxonomy":"product_tag","embeddable":true,"href":"https:\/\/silk-pajamas.com\/fr\/wp-json\/wp\/v2\/product_tag?post=791"}],"curies":[{"name":"wp","href":"https:\/\/api.w.org\/{rel}","templated":true}]}}