{"id":793,"date":"2026-04-12T15:43:28","date_gmt":"2026-04-12T15:43:28","guid":{"rendered":"https:\/\/silk-pajamas.com\/25-momme-sandwashed-silk-cami-tank-bias-cut-rose\/"},"modified":"2026-05-06T08:14:35","modified_gmt":"2026-05-06T08:14:35","slug":"25-momme-sandwashed-silk-cami-tank-bias-cut-rose","status":"publish","type":"product","link":"https:\/\/silk-pajamas.com\/fr\/25-momme-sandwashed-silk-cami-tank-bias-cut-rose\/","title":{"rendered":"25 Momme Sandwashed Silk Cami Tank Bias Cut Rose"},"content":{"rendered":"<p>Fabriqu\u00e9 avec de la soie sabl\u00e9e de 25 mm, ce top cami offre un drap\u00e9 lisse, un toucher doux et un mouvement \u00e9l\u00e9gant. La coupe en biais et la couleur rose lui conf\u00e8rent un look raffin\u00e9 pour les vacances. Disponible en XS, S, M, L, XL. Laver \u00e0 la main \u00e0 froid ou utiliser un cycle d\u00e9licat.<\/p>","protected":false},"excerpt":{"rendered":"<p>25 Top cami en soie Momme Sandwashed de couleur rose. Finition Bias Cut, drap\u00e9 doux et gamme de tailles XS, S, M, L, XL. Con\u00e7u pour la vill\u00e9giature.<\/p>","protected":false},"featured_media":1905,"template":"","meta":{"_gspb_post_css":""},"product_brand":[],"product_cat":[30],"product_tag":[599,601,600],"class_list":{"0":"post-793","1":"product","2":"type-product","3":"status-publish","4":"has-post-thumbnail","6":"product_cat-silk-cami-tank-top","7":"product_tag-25-momme-silk-cami-top-rose","8":"product_tag-manufacturer-silk-cami-top-for-resort-dressing","9":"product_tag-sandwashed-silk-cami-top-bias-cut","11":"first","12":"instock","13":"shipping-taxable","14":"purchasable","15":"product-type-simple"},"_links":{"self":[{"href":"https:\/\/silk-pajamas.com\/fr\/wp-json\/wp\/v2\/product\/793","targetHints":{"allow":["GET"]}}],"collection":[{"href":"https:\/\/silk-pajamas.com\/fr\/wp-json\/wp\/v2\/product"}],"about":[{"href":"https:\/\/silk-pajamas.com\/fr\/wp-json\/wp\/v2\/types\/product"}],"wp:featuredmedia":[{"embeddable":true,"href":"https:\/\/silk-pajamas.com\/fr\/wp-json\/wp\/v2\/media\/1905"}],"wp:attachment":[{"href":"https:\/\/silk-pajamas.com\/fr\/wp-json\/wp\/v2\/media?parent=793"}],"wp:term":[{"taxonomy":"product_brand","embeddable":true,"href":"https:\/\/silk-pajamas.com\/fr\/wp-json\/wp\/v2\/product_brand?post=793"},{"taxonomy":"product_cat","embeddable":true,"href":"https:\/\/silk-pajamas.com\/fr\/wp-json\/wp\/v2\/product_cat?post=793"},{"taxonomy":"product_tag","embeddable":true,"href":"https:\/\/silk-pajamas.com\/fr\/wp-json\/wp\/v2\/product_tag?post=793"}],"curies":[{"name":"wp","href":"https:\/\/api.w.org\/{rel}","templated":true}]}}