{"id":794,"date":"2026-04-12T15:43:28","date_gmt":"2026-04-12T15:43:28","guid":{"rendered":"https:\/\/silk-pajamas.com\/19-momme-mulberry-silk-tank-top-lace-trim-sky-blue\/"},"modified":"2026-05-06T08:17:48","modified_gmt":"2026-05-06T08:17:48","slug":"19-momme-mulberry-silk-tank-top-lace-trim-sky-blue","status":"publish","type":"product","link":"https:\/\/silk-pajamas.com\/fr\/19-momme-mulberry-silk-tank-top-lace-trim-sky-blue\/","title":{"rendered":"19 Momme Mulberry Silk Tank Top Lace Trim Sky Blue"},"content":{"rendered":"<p>Fabriqu\u00e9 avec de la soie de m\u00fbrier de 19 mm, ce top cami est respirant, doux au toucher et offre un mouvement \u00e9l\u00e9gant. La finition en dentelle et la couleur bleu ciel lui conf\u00e8rent un look raffin\u00e9 pour les s\u00e9jours en station baln\u00e9aire. Disponible en XL, XXL, 3XL, 4XL. Laver \u00e0 la main \u00e0 froid ou utiliser un cycle d\u00e9licat.<\/p>","protected":false},"excerpt":{"rendered":"<p>19 Momme - Top cami en soie Mulberry, bleu ciel. Finition en dentelle, sensation de respirabilit\u00e9 et tailles XL, XXL, 3XL, 4XL. Con\u00e7u pour la vill\u00e9giature.<\/p>","protected":false},"featured_media":1910,"template":"","meta":{"_gspb_post_css":""},"product_brand":[],"product_cat":[30],"product_tag":[602,603,604],"class_list":{"0":"post-794","1":"product","2":"type-product","3":"status-publish","4":"has-post-thumbnail","6":"product_cat-silk-cami-tank-top","7":"product_tag-19-momme-silk-cami-top-sky-blue","8":"product_tag-mulberry-silk-cami-top-lace-trim","9":"product_tag-supplier-silk-cami-top-for-resort-dressing","11":"first","12":"instock","13":"featured","14":"shipping-taxable","15":"purchasable","16":"product-type-simple"},"_links":{"self":[{"href":"https:\/\/silk-pajamas.com\/fr\/wp-json\/wp\/v2\/product\/794","targetHints":{"allow":["GET"]}}],"collection":[{"href":"https:\/\/silk-pajamas.com\/fr\/wp-json\/wp\/v2\/product"}],"about":[{"href":"https:\/\/silk-pajamas.com\/fr\/wp-json\/wp\/v2\/types\/product"}],"wp:featuredmedia":[{"embeddable":true,"href":"https:\/\/silk-pajamas.com\/fr\/wp-json\/wp\/v2\/media\/1910"}],"wp:attachment":[{"href":"https:\/\/silk-pajamas.com\/fr\/wp-json\/wp\/v2\/media?parent=794"}],"wp:term":[{"taxonomy":"product_brand","embeddable":true,"href":"https:\/\/silk-pajamas.com\/fr\/wp-json\/wp\/v2\/product_brand?post=794"},{"taxonomy":"product_cat","embeddable":true,"href":"https:\/\/silk-pajamas.com\/fr\/wp-json\/wp\/v2\/product_cat?post=794"},{"taxonomy":"product_tag","embeddable":true,"href":"https:\/\/silk-pajamas.com\/fr\/wp-json\/wp\/v2\/product_tag?post=794"}],"curies":[{"name":"wp","href":"https:\/\/api.w.org\/{rel}","templated":true}]}}