{"id":798,"date":"2026-04-12T15:43:29","date_gmt":"2026-04-12T15:43:29","guid":{"rendered":"https:\/\/silk-pajamas.com\/25-momme-mulberry-silk-tank-top-lace-trim-leopard\/"},"modified":"2026-05-06T07:22:26","modified_gmt":"2026-05-06T07:22:26","slug":"25-momme-mulberry-silk-tank-top-lace-trim-leopard","status":"publish","type":"product","link":"https:\/\/silk-pajamas.com\/fr\/25-momme-mulberry-silk-tank-top-lace-trim-leopard\/","title":{"rendered":"25 Momme Mulberry Silk Tank Top Lace Trim Leopard"},"content":{"rendered":"<p>Ce top cami est r\u00e9alis\u00e9 en 25 momme de soie de m\u00fbrier dans un ton l\u00e9opard. Il pr\u00e9sente des bordures en dentelle, un toucher doux et un drap\u00e9 confortable pour les tenues de bureau. Ce mod\u00e8le convient aux tailles personnalis\u00e9es et se porte en toute saison, s'offre en cadeau et est confortable au quotidien. Laver \u00e0 la main \u00e0 froid ou utiliser un cycle d\u00e9licat.<\/p>","protected":false},"excerpt":{"rendered":"<p>25 Momme Mulberry soie cami top en l\u00e9opard. Finition dentelle, drap\u00e9 doux et taille sur mesure. Con\u00e7u pour les tenues de bureau.<\/p>","protected":false},"featured_media":1842,"template":"","meta":{"_gspb_post_css":""},"product_brand":[],"product_cat":[30],"product_tag":[612,613,603],"class_list":{"0":"post-798","1":"product","2":"type-product","3":"status-publish","4":"has-post-thumbnail","6":"product_cat-silk-cami-tank-top","7":"product_tag-25-momme-silk-cami-top-leopard","8":"product_tag-manufacturer-silk-cami-top-for-office-outfits","9":"product_tag-mulberry-silk-cami-top-lace-trim","11":"first","12":"instock","13":"shipping-taxable","14":"purchasable","15":"product-type-simple"},"_links":{"self":[{"href":"https:\/\/silk-pajamas.com\/fr\/wp-json\/wp\/v2\/product\/798","targetHints":{"allow":["GET"]}}],"collection":[{"href":"https:\/\/silk-pajamas.com\/fr\/wp-json\/wp\/v2\/product"}],"about":[{"href":"https:\/\/silk-pajamas.com\/fr\/wp-json\/wp\/v2\/types\/product"}],"wp:featuredmedia":[{"embeddable":true,"href":"https:\/\/silk-pajamas.com\/fr\/wp-json\/wp\/v2\/media\/1842"}],"wp:attachment":[{"href":"https:\/\/silk-pajamas.com\/fr\/wp-json\/wp\/v2\/media?parent=798"}],"wp:term":[{"taxonomy":"product_brand","embeddable":true,"href":"https:\/\/silk-pajamas.com\/fr\/wp-json\/wp\/v2\/product_brand?post=798"},{"taxonomy":"product_cat","embeddable":true,"href":"https:\/\/silk-pajamas.com\/fr\/wp-json\/wp\/v2\/product_cat?post=798"},{"taxonomy":"product_tag","embeddable":true,"href":"https:\/\/silk-pajamas.com\/fr\/wp-json\/wp\/v2\/product_tag?post=798"}],"curies":[{"name":"wp","href":"https:\/\/api.w.org\/{rel}","templated":true}]}}