{"id":799,"date":"2026-04-12T15:43:29","date_gmt":"2026-04-12T15:43:29","guid":{"rendered":"https:\/\/silk-pajamas.com\/25-momme-mulberry-silk-cami-top-v-neck-emerald\/"},"modified":"2026-05-06T07:23:49","modified_gmt":"2026-05-06T07:23:49","slug":"25-momme-mulberry-silk-cami-top-v-neck-emerald","status":"publish","type":"product","link":"https:\/\/silk-pajamas.com\/fr\/25-momme-mulberry-silk-cami-top-v-neck-emerald\/","title":{"rendered":"25 Momme Mulberry Silk Cami Top V Neck Emerald"},"content":{"rendered":"<p>Ce top cami est r\u00e9alis\u00e9 en 25 momme de soie de m\u00fbrier dans un ton \u00e9meraude. Il est dot\u00e9 d'un col en V, d'un toucher doux et d'un drap\u00e9 confortable pour les tenues de bureau. Ce mod\u00e8le est compatible avec les tailles Custom et convient parfaitement aux tenues d'automne, aux cadeaux et au confort quotidien. Laver \u00e0 la main \u00e0 froid ou utiliser un cycle d\u00e9licat.<\/p>","protected":false},"excerpt":{"rendered":"<p>25 Momme Mulberry soie cami top en Emerald. Finition col en V, l\u00e9g\u00e8ret\u00e9 et taille sur mesure. Con\u00e7u pour les tenues de bureau.<\/p>","protected":false},"featured_media":1846,"template":"","meta":{"_gspb_post_css":""},"product_brand":[],"product_cat":[30],"product_tag":[614,616,615],"class_list":{"0":"post-799","1":"product","2":"type-product","3":"status-publish","4":"has-post-thumbnail","6":"product_cat-silk-cami-tank-top","7":"product_tag-25-momme-silk-cami-top-emerald","8":"product_tag-factory-silk-cami-top-for-office-outfits","9":"product_tag-mulberry-silk-cami-top-v-neck","11":"first","12":"instock","13":"featured","14":"shipping-taxable","15":"purchasable","16":"product-type-simple"},"_links":{"self":[{"href":"https:\/\/silk-pajamas.com\/fr\/wp-json\/wp\/v2\/product\/799","targetHints":{"allow":["GET"]}}],"collection":[{"href":"https:\/\/silk-pajamas.com\/fr\/wp-json\/wp\/v2\/product"}],"about":[{"href":"https:\/\/silk-pajamas.com\/fr\/wp-json\/wp\/v2\/types\/product"}],"wp:featuredmedia":[{"embeddable":true,"href":"https:\/\/silk-pajamas.com\/fr\/wp-json\/wp\/v2\/media\/1846"}],"wp:attachment":[{"href":"https:\/\/silk-pajamas.com\/fr\/wp-json\/wp\/v2\/media?parent=799"}],"wp:term":[{"taxonomy":"product_brand","embeddable":true,"href":"https:\/\/silk-pajamas.com\/fr\/wp-json\/wp\/v2\/product_brand?post=799"},{"taxonomy":"product_cat","embeddable":true,"href":"https:\/\/silk-pajamas.com\/fr\/wp-json\/wp\/v2\/product_cat?post=799"},{"taxonomy":"product_tag","embeddable":true,"href":"https:\/\/silk-pajamas.com\/fr\/wp-json\/wp\/v2\/product_tag?post=799"}],"curies":[{"name":"wp","href":"https:\/\/api.w.org\/{rel}","templated":true}]}}