{"id":800,"date":"2026-04-12T15:43:29","date_gmt":"2026-04-12T15:43:29","guid":{"rendered":"https:\/\/silk-pajamas.com\/16-momme-sandwashed-silk-cami-top-adjustable-strap-lilac\/"},"modified":"2026-05-06T07:24:20","modified_gmt":"2026-05-06T07:24:20","slug":"16-momme-sandwashed-silk-cami-top-adjustable-strap-lilac","status":"publish","type":"product","link":"https:\/\/silk-pajamas.com\/fr\/16-momme-sandwashed-silk-cami-top-adjustable-strap-lilac\/","title":{"rendered":"16 Momme Top cami en soie lav\u00e9e \u00e0 bretelles r\u00e9glables Lilas"},"content":{"rendered":"<p>Fabriqu\u00e9 en 16 momme de soie sabl\u00e9e, ce top cami offre un toucher doux, une sensation de douceur sur la peau et un mouvement \u00e9l\u00e9gant. Les bretelles r\u00e9glables et la couleur lilas lui conf\u00e8rent une allure \u00e9l\u00e9gante pour les tenues de bureau. Disponible en S, M, L, XL, XXL. Laver \u00e0 la main \u00e0 froid ou utiliser un cycle d\u00e9licat.<\/p>","protected":false},"excerpt":{"rendered":"<p>16 Top cami en soie Momme Sandwashed de couleur lilas. Bretelles r\u00e9glables, toucher doux et tailles S, M, L, XL, XXL. Con\u00e7u pour les tenues de bureau.<\/p>","protected":false},"featured_media":1835,"template":"","meta":{"_gspb_post_css":""},"product_brand":[],"product_cat":[30],"product_tag":[610,617,618],"class_list":{"0":"post-800","1":"product","2":"type-product","3":"status-publish","4":"has-post-thumbnail","6":"product_cat-silk-cami-tank-top","7":"product_tag-16-momme-silk-cami-top-lilac","8":"product_tag-sandwashed-silk-cami-top-adjustable-strap","9":"product_tag-wholesale-silk-cami-top-for-office-outfits","11":"first","12":"instock","13":"shipping-taxable","14":"purchasable","15":"product-type-simple"},"_links":{"self":[{"href":"https:\/\/silk-pajamas.com\/fr\/wp-json\/wp\/v2\/product\/800","targetHints":{"allow":["GET"]}}],"collection":[{"href":"https:\/\/silk-pajamas.com\/fr\/wp-json\/wp\/v2\/product"}],"about":[{"href":"https:\/\/silk-pajamas.com\/fr\/wp-json\/wp\/v2\/types\/product"}],"wp:featuredmedia":[{"embeddable":true,"href":"https:\/\/silk-pajamas.com\/fr\/wp-json\/wp\/v2\/media\/1835"}],"wp:attachment":[{"href":"https:\/\/silk-pajamas.com\/fr\/wp-json\/wp\/v2\/media?parent=800"}],"wp:term":[{"taxonomy":"product_brand","embeddable":true,"href":"https:\/\/silk-pajamas.com\/fr\/wp-json\/wp\/v2\/product_brand?post=800"},{"taxonomy":"product_cat","embeddable":true,"href":"https:\/\/silk-pajamas.com\/fr\/wp-json\/wp\/v2\/product_cat?post=800"},{"taxonomy":"product_tag","embeddable":true,"href":"https:\/\/silk-pajamas.com\/fr\/wp-json\/wp\/v2\/product_tag?post=800"}],"curies":[{"name":"wp","href":"https:\/\/api.w.org\/{rel}","templated":true}]}}