{"id":803,"date":"2026-04-12T15:43:30","date_gmt":"2026-04-12T15:43:30","guid":{"rendered":"https:\/\/silk-pajamas.com\/25-momme-mulberry-silk-cami-top-lace-trim-lilac\/"},"modified":"2026-05-06T06:10:45","modified_gmt":"2026-05-06T06:10:45","slug":"25-momme-mulberry-silk-cami-top-lace-trim-lilac","status":"publish","type":"product","link":"https:\/\/silk-pajamas.com\/fr\/25-momme-mulberry-silk-cami-top-lace-trim-lilac\/","title":{"rendered":"25 Momme Mulberry Silk Cami Top Lace Trim Lilac"},"content":{"rendered":"<p>Fabriqu\u00e9 en soie de m\u00fbrier de 25 mm, ce top cami offre un drap\u00e9 lisse, un toucher doux et un mouvement \u00e9l\u00e9gant. La bordure en dentelle et la couleur lilas lui conf\u00e8rent un look raffin\u00e9 pour les vacances. Disponible en sur mesure. Laver \u00e0 la main \u00e0 froid ou utiliser un cycle d\u00e9licat.<\/p>","protected":false},"excerpt":{"rendered":"<p>25 Momme Mulberry soie cami top en Lilas. Finition en dentelle, drap\u00e9 doux et taille sur mesure. Con\u00e7u pour la vill\u00e9giature.<\/p>","protected":false},"featured_media":1794,"template":"","meta":{"_gspb_post_css":""},"product_brand":[],"product_cat":[30],"product_tag":[624,601,603],"class_list":{"0":"post-803","1":"product","2":"type-product","3":"status-publish","4":"has-post-thumbnail","6":"product_cat-silk-cami-tank-top","7":"product_tag-25-momme-silk-cami-top-lilac","8":"product_tag-manufacturer-silk-cami-top-for-resort-dressing","9":"product_tag-mulberry-silk-cami-top-lace-trim","11":"first","12":"instock","13":"shipping-taxable","14":"purchasable","15":"product-type-simple"},"_links":{"self":[{"href":"https:\/\/silk-pajamas.com\/fr\/wp-json\/wp\/v2\/product\/803","targetHints":{"allow":["GET"]}}],"collection":[{"href":"https:\/\/silk-pajamas.com\/fr\/wp-json\/wp\/v2\/product"}],"about":[{"href":"https:\/\/silk-pajamas.com\/fr\/wp-json\/wp\/v2\/types\/product"}],"wp:featuredmedia":[{"embeddable":true,"href":"https:\/\/silk-pajamas.com\/fr\/wp-json\/wp\/v2\/media\/1794"}],"wp:attachment":[{"href":"https:\/\/silk-pajamas.com\/fr\/wp-json\/wp\/v2\/media?parent=803"}],"wp:term":[{"taxonomy":"product_brand","embeddable":true,"href":"https:\/\/silk-pajamas.com\/fr\/wp-json\/wp\/v2\/product_brand?post=803"},{"taxonomy":"product_cat","embeddable":true,"href":"https:\/\/silk-pajamas.com\/fr\/wp-json\/wp\/v2\/product_cat?post=803"},{"taxonomy":"product_tag","embeddable":true,"href":"https:\/\/silk-pajamas.com\/fr\/wp-json\/wp\/v2\/product_tag?post=803"}],"curies":[{"name":"wp","href":"https:\/\/api.w.org\/{rel}","templated":true}]}}