{"id":807,"date":"2026-04-12T15:43:30","date_gmt":"2026-04-12T15:43:30","guid":{"rendered":"https:\/\/silk-pajamas.com\/19-momme-crepe-silk-cami-tank-adjustable-strap-floral\/"},"modified":"2026-05-06T06:57:03","modified_gmt":"2026-05-06T06:57:03","slug":"19-momme-crepe-silk-cami-tank-adjustable-strap-floral","status":"publish","type":"product","link":"https:\/\/silk-pajamas.com\/fr\/19-momme-crepe-silk-cami-tank-adjustable-strap-floral\/","title":{"rendered":"19 Momme Crepe Silk Cami Tank Adjustable Strap Floral"},"content":{"rendered":"<p>Ce top cami est r\u00e9alis\u00e9 en cr\u00eape de soie 19 momme dans un ton floral. Il est dot\u00e9 d'une bretelle r\u00e9glable, d'un toucher doux et d'un drap\u00e9 confortable pour les superpositions. Ce mod\u00e8le convient aux tailles Custom et convient parfaitement aux tenues de printemps, aux cadeaux et au confort quotidien. Laver \u00e0 la main \u00e0 froid ou au cycle d\u00e9licat.<\/p>","protected":false},"excerpt":{"rendered":"<p>19 Momme Crepe silk cami top in Floral. Bretelles r\u00e9glables, drap\u00e9 doux et gamme de tailles sur mesure. Con\u00e7u pour les superpositions.<\/p>","protected":false},"featured_media":1808,"template":"","meta":{"_gspb_post_css":""},"product_brand":[],"product_cat":[30],"product_tag":[633,589,634],"class_list":{"0":"post-807","1":"product","2":"type-product","3":"status-publish","4":"has-post-thumbnail","6":"product_cat-silk-cami-tank-top","7":"product_tag-19-momme-silk-cami-top-floral","8":"product_tag-crepe-silk-cami-top-adjustable-strap","9":"product_tag-supplier-silk-cami-top-for-layering-looks","11":"first","12":"instock","13":"shipping-taxable","14":"purchasable","15":"product-type-simple"},"_links":{"self":[{"href":"https:\/\/silk-pajamas.com\/fr\/wp-json\/wp\/v2\/product\/807","targetHints":{"allow":["GET"]}}],"collection":[{"href":"https:\/\/silk-pajamas.com\/fr\/wp-json\/wp\/v2\/product"}],"about":[{"href":"https:\/\/silk-pajamas.com\/fr\/wp-json\/wp\/v2\/types\/product"}],"wp:featuredmedia":[{"embeddable":true,"href":"https:\/\/silk-pajamas.com\/fr\/wp-json\/wp\/v2\/media\/1808"}],"wp:attachment":[{"href":"https:\/\/silk-pajamas.com\/fr\/wp-json\/wp\/v2\/media?parent=807"}],"wp:term":[{"taxonomy":"product_brand","embeddable":true,"href":"https:\/\/silk-pajamas.com\/fr\/wp-json\/wp\/v2\/product_brand?post=807"},{"taxonomy":"product_cat","embeddable":true,"href":"https:\/\/silk-pajamas.com\/fr\/wp-json\/wp\/v2\/product_cat?post=807"},{"taxonomy":"product_tag","embeddable":true,"href":"https:\/\/silk-pajamas.com\/fr\/wp-json\/wp\/v2\/product_tag?post=807"}],"curies":[{"name":"wp","href":"https:\/\/api.w.org\/{rel}","templated":true}]}}