{"id":809,"date":"2026-04-12T15:43:30","date_gmt":"2026-04-12T15:43:30","guid":{"rendered":"https:\/\/silk-pajamas.com\/16-momme-mulberry-silk-tank-top-lace-trim-pearl\/"},"modified":"2026-05-06T07:04:03","modified_gmt":"2026-05-06T07:04:03","slug":"16-momme-mulberry-silk-tank-top-lace-trim-pearl","status":"publish","type":"product","link":"https:\/\/silk-pajamas.com\/fr\/16-momme-mulberry-silk-tank-top-lace-trim-pearl\/","title":{"rendered":"16 Momme Mulberry Silk Tank Top Lace Trim Pearl"},"content":{"rendered":"<p>Fabriqu\u00e9 avec de la soie de m\u00fbrier 16 momme, ce top cami est l\u00e9ger, doux au toucher et offre un mouvement \u00e9l\u00e9gant. La bordure en dentelle et la couleur perle lui conf\u00e8rent une allure \u00e9l\u00e9gante pour les superpositions. Disponible en XS, S, M, L, XL. Laver \u00e0 la main \u00e0 froid ou utiliser un cycle d\u00e9licat.<\/p>","protected":false},"excerpt":{"rendered":"<p>16 Camisole en soie Momme Mulberry, coloris perle. Finition en dentelle, l\u00e9g\u00e8ret\u00e9 et taille XS, S, M, L, XL. Con\u00e7u pour les superpositions.<\/p>","protected":false},"featured_media":1814,"template":"","meta":{"_gspb_post_css":""},"product_brand":[],"product_cat":[30],"product_tag":[637,629,603],"class_list":{"0":"post-809","1":"product","2":"type-product","3":"status-publish","4":"has-post-thumbnail","6":"product_cat-silk-cami-tank-top","7":"product_tag-16-momme-silk-cami-top-pearl","8":"product_tag-factory-silk-cami-top-for-layering-looks","9":"product_tag-mulberry-silk-cami-top-lace-trim","11":"first","12":"instock","13":"featured","14":"shipping-taxable","15":"purchasable","16":"product-type-simple"},"_links":{"self":[{"href":"https:\/\/silk-pajamas.com\/fr\/wp-json\/wp\/v2\/product\/809","targetHints":{"allow":["GET"]}}],"collection":[{"href":"https:\/\/silk-pajamas.com\/fr\/wp-json\/wp\/v2\/product"}],"about":[{"href":"https:\/\/silk-pajamas.com\/fr\/wp-json\/wp\/v2\/types\/product"}],"wp:featuredmedia":[{"embeddable":true,"href":"https:\/\/silk-pajamas.com\/fr\/wp-json\/wp\/v2\/media\/1814"}],"wp:attachment":[{"href":"https:\/\/silk-pajamas.com\/fr\/wp-json\/wp\/v2\/media?parent=809"}],"wp:term":[{"taxonomy":"product_brand","embeddable":true,"href":"https:\/\/silk-pajamas.com\/fr\/wp-json\/wp\/v2\/product_brand?post=809"},{"taxonomy":"product_cat","embeddable":true,"href":"https:\/\/silk-pajamas.com\/fr\/wp-json\/wp\/v2\/product_cat?post=809"},{"taxonomy":"product_tag","embeddable":true,"href":"https:\/\/silk-pajamas.com\/fr\/wp-json\/wp\/v2\/product_tag?post=809"}],"curies":[{"name":"wp","href":"https:\/\/api.w.org\/{rel}","templated":true}]}}