{"id":810,"date":"2026-04-12T15:43:30","date_gmt":"2026-04-12T15:43:30","guid":{"rendered":"https:\/\/silk-pajamas.com\/22-momme-mulberry-silk-cami-top-rib-trim-rose-wholesale\/"},"modified":"2026-05-06T07:07:22","modified_gmt":"2026-05-06T07:07:22","slug":"22-momme-mulberry-silk-cami-top-rib-trim-rose-wholesale","status":"publish","type":"product","link":"https:\/\/silk-pajamas.com\/fr\/22-momme-mulberry-silk-cami-top-rib-trim-rose-wholesale\/","title":{"rendered":"22 Momme Mulberry Silk Cami Top Rib Trim Rose Wholesale"},"content":{"rendered":"<p>Confectionn\u00e9 en 22 momme de soie de m\u00fbrier, ce top cami associe des d\u00e9tails de bord-c\u00f4te \u00e0 une brillance douce et \u00e0 un toucher respirant. La finition rose lui conf\u00e8re un aspect raffin\u00e9, tandis que les tailles S, M, L, XL et XXL permettent de r\u00e9pondre aux besoins essentiels. Convient aux superpositions et aux garde-robes de toute saison. Laver \u00e0 la main \u00e0 froid ou utiliser un cycle d\u00e9licat.<\/p>","protected":false},"excerpt":{"rendered":"<p>22 Momme - Caraco en soie de m\u00fbrier, coloris rose. Finition en bordures c\u00f4tel\u00e9es, toucher doux et tailles S, M, L, XL, XXL. Con\u00e7u pour les superpositions.<\/p>","protected":false},"featured_media":1820,"template":"","meta":{"_gspb_post_css":""},"product_brand":[],"product_cat":[30],"product_tag":[638,622,634],"class_list":{"0":"post-810","1":"product","2":"type-product","3":"status-publish","4":"has-post-thumbnail","6":"product_cat-silk-cami-tank-top","7":"product_tag-22-momme-silk-cami-top-rose","8":"product_tag-mulberry-silk-cami-top-rib-trim","9":"product_tag-supplier-silk-cami-top-for-layering-looks","11":"first","12":"instock","13":"shipping-taxable","14":"purchasable","15":"product-type-simple"},"_links":{"self":[{"href":"https:\/\/silk-pajamas.com\/fr\/wp-json\/wp\/v2\/product\/810","targetHints":{"allow":["GET"]}}],"collection":[{"href":"https:\/\/silk-pajamas.com\/fr\/wp-json\/wp\/v2\/product"}],"about":[{"href":"https:\/\/silk-pajamas.com\/fr\/wp-json\/wp\/v2\/types\/product"}],"wp:featuredmedia":[{"embeddable":true,"href":"https:\/\/silk-pajamas.com\/fr\/wp-json\/wp\/v2\/media\/1820"}],"wp:attachment":[{"href":"https:\/\/silk-pajamas.com\/fr\/wp-json\/wp\/v2\/media?parent=810"}],"wp:term":[{"taxonomy":"product_brand","embeddable":true,"href":"https:\/\/silk-pajamas.com\/fr\/wp-json\/wp\/v2\/product_brand?post=810"},{"taxonomy":"product_cat","embeddable":true,"href":"https:\/\/silk-pajamas.com\/fr\/wp-json\/wp\/v2\/product_cat?post=810"},{"taxonomy":"product_tag","embeddable":true,"href":"https:\/\/silk-pajamas.com\/fr\/wp-json\/wp\/v2\/product_tag?post=810"}],"curies":[{"name":"wp","href":"https:\/\/api.w.org\/{rel}","templated":true}]}}