{"id":811,"date":"2026-04-12T15:43:30","date_gmt":"2026-04-12T15:43:30","guid":{"rendered":"https:\/\/silk-pajamas.com\/25-momme-mulberry-silk-tank-top-bias-cut-blush\/"},"modified":"2026-05-06T07:08:37","modified_gmt":"2026-05-06T07:08:37","slug":"25-momme-mulberry-silk-tank-top-bias-cut-blush","status":"publish","type":"product","link":"https:\/\/silk-pajamas.com\/fr\/25-momme-mulberry-silk-tank-top-bias-cut-blush\/","title":{"rendered":"25 Momme Mulberry Silk Tank Top Bias Cut Blush"},"content":{"rendered":"<p>Fabriqu\u00e9 avec 25 m\u00e8tres de soie de m\u00fbrier, ce top cami offre un drap\u00e9 lisse, un toucher doux et un mouvement \u00e9l\u00e9gant. La coupe en biais et la couleur blush lui conf\u00e8rent un look raffin\u00e9 pour les vacances. Disponible en sur mesure. Laver \u00e0 la main \u00e0 froid ou utiliser un cycle d\u00e9licat.<\/p>","protected":false},"excerpt":{"rendered":"<p>25 Momme Mulberry soie cami top en Blush. Finition Bias Cut, drap\u00e9 doux et gamme de tailles sur mesure. Con\u00e7u pour la vill\u00e9giature.<\/p>","protected":false},"featured_media":1822,"template":"","meta":{"_gspb_post_css":""},"product_brand":[],"product_cat":[30],"product_tag":[639,636,640],"class_list":{"0":"post-811","1":"product","2":"type-product","3":"status-publish","4":"has-post-thumbnail","6":"product_cat-silk-cami-tank-top","7":"product_tag-25-momme-silk-cami-top-blush","8":"product_tag-mulberry-silk-cami-top-bias-cut","9":"product_tag-vendor-silk-cami-top-for-resort-dressing","11":"first","12":"instock","13":"shipping-taxable","14":"purchasable","15":"product-type-simple"},"_links":{"self":[{"href":"https:\/\/silk-pajamas.com\/fr\/wp-json\/wp\/v2\/product\/811","targetHints":{"allow":["GET"]}}],"collection":[{"href":"https:\/\/silk-pajamas.com\/fr\/wp-json\/wp\/v2\/product"}],"about":[{"href":"https:\/\/silk-pajamas.com\/fr\/wp-json\/wp\/v2\/types\/product"}],"wp:featuredmedia":[{"embeddable":true,"href":"https:\/\/silk-pajamas.com\/fr\/wp-json\/wp\/v2\/media\/1822"}],"wp:attachment":[{"href":"https:\/\/silk-pajamas.com\/fr\/wp-json\/wp\/v2\/media?parent=811"}],"wp:term":[{"taxonomy":"product_brand","embeddable":true,"href":"https:\/\/silk-pajamas.com\/fr\/wp-json\/wp\/v2\/product_brand?post=811"},{"taxonomy":"product_cat","embeddable":true,"href":"https:\/\/silk-pajamas.com\/fr\/wp-json\/wp\/v2\/product_cat?post=811"},{"taxonomy":"product_tag","embeddable":true,"href":"https:\/\/silk-pajamas.com\/fr\/wp-json\/wp\/v2\/product_tag?post=811"}],"curies":[{"name":"wp","href":"https:\/\/api.w.org\/{rel}","templated":true}]}}