{"id":815,"date":"2026-04-12T15:43:31","date_gmt":"2026-04-12T15:43:31","guid":{"rendered":"https:\/\/silk-pajamas.com\/25-momme-mulberry-silk-dress-backless-lilac\/"},"modified":"2026-05-06T03:11:00","modified_gmt":"2026-05-06T03:11:00","slug":"25-momme-mulberry-silk-dress-backless-lilac","status":"publish","type":"product","link":"https:\/\/silk-pajamas.com\/fr\/25-momme-mulberry-silk-dress-backless-lilac\/","title":{"rendered":"25 Momme Mulberry Robe en soie dos nu Lilas"},"content":{"rendered":"<p>Cette robe en soie est r\u00e9alis\u00e9e en 25 momme de soie de m\u00fbrier dans un ton lilas. Elle se caract\u00e9rise par un dos nu, un toucher doux et un drap\u00e9 confortable pour les soir\u00e9es. Ce mod\u00e8le convient aux tailles S, M, L, XL, XXL et convient parfaitement aux tenues de printemps, aux cadeaux et au confort quotidien. Laver \u00e0 la main \u00e0 froid ou utiliser un cycle d\u00e9licat.<\/p>","protected":false},"excerpt":{"rendered":"<p>25 Momme Mulberry silk silk dress in Lilac. Finition dos nu, toucher infroissable et tailles S, M, L, XL, XXL. Con\u00e7ue pour les soir\u00e9es.<\/p>","protected":false},"featured_media":1739,"template":"","meta":{"_gspb_post_css":""},"product_brand":[],"product_cat":[29],"product_tag":[649,651,650],"class_list":{"0":"post-815","1":"product","2":"type-product","3":"status-publish","4":"has-post-thumbnail","6":"product_cat-silk-dresses","7":"product_tag-25-momme-silk-dress-lilac","8":"product_tag-factory-silk-dress-for-party-edits","9":"product_tag-mulberry-silk-dress-backless","11":"first","12":"instock","13":"shipping-taxable","14":"purchasable","15":"product-type-simple"},"_links":{"self":[{"href":"https:\/\/silk-pajamas.com\/fr\/wp-json\/wp\/v2\/product\/815","targetHints":{"allow":["GET"]}}],"collection":[{"href":"https:\/\/silk-pajamas.com\/fr\/wp-json\/wp\/v2\/product"}],"about":[{"href":"https:\/\/silk-pajamas.com\/fr\/wp-json\/wp\/v2\/types\/product"}],"wp:featuredmedia":[{"embeddable":true,"href":"https:\/\/silk-pajamas.com\/fr\/wp-json\/wp\/v2\/media\/1739"}],"wp:attachment":[{"href":"https:\/\/silk-pajamas.com\/fr\/wp-json\/wp\/v2\/media?parent=815"}],"wp:term":[{"taxonomy":"product_brand","embeddable":true,"href":"https:\/\/silk-pajamas.com\/fr\/wp-json\/wp\/v2\/product_brand?post=815"},{"taxonomy":"product_cat","embeddable":true,"href":"https:\/\/silk-pajamas.com\/fr\/wp-json\/wp\/v2\/product_cat?post=815"},{"taxonomy":"product_tag","embeddable":true,"href":"https:\/\/silk-pajamas.com\/fr\/wp-json\/wp\/v2\/product_tag?post=815"}],"curies":[{"name":"wp","href":"https:\/\/api.w.org\/{rel}","templated":true}]}}