{"id":817,"date":"2026-04-12T15:43:31","date_gmt":"2026-04-12T15:43:31","guid":{"rendered":"https:\/\/silk-pajamas.com\/25-momme-mulberry-silk-dress-maxi-ivory-factory\/"},"modified":"2026-05-06T03:32:36","modified_gmt":"2026-05-06T03:32:36","slug":"25-momme-mulberry-silk-dress-maxi-ivory-factory","status":"publish","type":"product","link":"https:\/\/silk-pajamas.com\/fr\/25-momme-mulberry-silk-dress-maxi-ivory-factory\/","title":{"rendered":"25 Momme Mulberry Silk Dress Maxi Ivory Factory"},"content":{"rendered":"<p>Fabriqu\u00e9e en soie de m\u00fbrier de 25 mm, cette robe en soie offre un toucher doux, une sensation de douceur sur la peau et un mouvement \u00e9l\u00e9gant. La construction maxi et la couleur ivoire permettent aux femmes de rester \u00e9l\u00e9gantes. Disponible en XL, XXL, 3XL, 4XL. Laver \u00e0 la main \u00e0 froid ou utiliser un cycle d\u00e9licat.<\/p>","protected":false},"excerpt":{"rendered":"<p>25 Momme Mulberry soie robe en soie ivoire. Finition maxi, toucher doux et tailles XL, XXL, 3XL, 4XL. Con\u00e7ue pour la femme.<\/p>","protected":false},"featured_media":1753,"template":"","meta":{"_gspb_post_css":""},"product_brand":[],"product_cat":[29],"product_tag":[655,656,657],"class_list":{"0":"post-817","1":"product","2":"type-product","3":"status-publish","4":"has-post-thumbnail","6":"product_cat-silk-dresses","7":"product_tag-25-momme-silk-dress-ivory","8":"product_tag-mulberry-silk-dress-maxi","9":"product_tag-wholesale-silk-dress-for-women","11":"first","12":"instock","13":"shipping-taxable","14":"purchasable","15":"product-type-simple"},"_links":{"self":[{"href":"https:\/\/silk-pajamas.com\/fr\/wp-json\/wp\/v2\/product\/817","targetHints":{"allow":["GET"]}}],"collection":[{"href":"https:\/\/silk-pajamas.com\/fr\/wp-json\/wp\/v2\/product"}],"about":[{"href":"https:\/\/silk-pajamas.com\/fr\/wp-json\/wp\/v2\/types\/product"}],"wp:featuredmedia":[{"embeddable":true,"href":"https:\/\/silk-pajamas.com\/fr\/wp-json\/wp\/v2\/media\/1753"}],"wp:attachment":[{"href":"https:\/\/silk-pajamas.com\/fr\/wp-json\/wp\/v2\/media?parent=817"}],"wp:term":[{"taxonomy":"product_brand","embeddable":true,"href":"https:\/\/silk-pajamas.com\/fr\/wp-json\/wp\/v2\/product_brand?post=817"},{"taxonomy":"product_cat","embeddable":true,"href":"https:\/\/silk-pajamas.com\/fr\/wp-json\/wp\/v2\/product_cat?post=817"},{"taxonomy":"product_tag","embeddable":true,"href":"https:\/\/silk-pajamas.com\/fr\/wp-json\/wp\/v2\/product_tag?post=817"}],"curies":[{"name":"wp","href":"https:\/\/api.w.org\/{rel}","templated":true}]}}