{"id":818,"date":"2026-04-12T15:43:31","date_gmt":"2026-04-12T15:43:31","guid":{"rendered":"https:\/\/silk-pajamas.com\/19-momme-charmeuse-mulberry-silk-dress-bias-cut-champagne\/"},"modified":"2026-05-06T03:34:02","modified_gmt":"2026-05-06T03:34:02","slug":"19-momme-charmeuse-mulberry-silk-dress-bias-cut-champagne","status":"publish","type":"product","link":"https:\/\/silk-pajamas.com\/fr\/19-momme-charmeuse-mulberry-silk-dress-bias-cut-champagne\/","title":{"rendered":"19 Momme Charmeuse Mulberry Silk Dress Bias Cut Champagne"},"content":{"rendered":"<p>Fabriqu\u00e9e en soie charmeuse 19 momme, cette robe en soie est thermor\u00e9gulatrice, douce au toucher et \u00e9l\u00e9gante au niveau du mouvement. Sa coupe en biais et sa couleur champagne lui conf\u00e8rent une allure \u00e9l\u00e9gante pour les femmes. Disponible en XL, XXL, 3XL, 4XL. Laver \u00e0 la main \u00e0 froid ou utiliser un cycle d\u00e9licat.<\/p>","protected":false},"excerpt":{"rendered":"<p>19 Robe en soie Momme Charmeuse en Champagne. Finition Bias Cut, toucher thermor\u00e9gulateur et gamme de tailles XL, XXL, 3XL, 4XL. Con\u00e7ue pour la femme.<\/p>","protected":false},"featured_media":1756,"template":"","meta":{"_gspb_post_css":""},"product_brand":[],"product_cat":[29],"product_tag":[658,659,657],"class_list":{"0":"post-818","1":"product","2":"type-product","3":"status-publish","4":"has-post-thumbnail","6":"product_cat-silk-dresses","7":"product_tag-19-momme-silk-dress-champagne","8":"product_tag-charmeuse-silk-dress-bias-cut","9":"product_tag-wholesale-silk-dress-for-women","11":"first","12":"instock","13":"featured","14":"shipping-taxable","15":"purchasable","16":"product-type-simple"},"_links":{"self":[{"href":"https:\/\/silk-pajamas.com\/fr\/wp-json\/wp\/v2\/product\/818","targetHints":{"allow":["GET"]}}],"collection":[{"href":"https:\/\/silk-pajamas.com\/fr\/wp-json\/wp\/v2\/product"}],"about":[{"href":"https:\/\/silk-pajamas.com\/fr\/wp-json\/wp\/v2\/types\/product"}],"wp:featuredmedia":[{"embeddable":true,"href":"https:\/\/silk-pajamas.com\/fr\/wp-json\/wp\/v2\/media\/1756"}],"wp:attachment":[{"href":"https:\/\/silk-pajamas.com\/fr\/wp-json\/wp\/v2\/media?parent=818"}],"wp:term":[{"taxonomy":"product_brand","embeddable":true,"href":"https:\/\/silk-pajamas.com\/fr\/wp-json\/wp\/v2\/product_brand?post=818"},{"taxonomy":"product_cat","embeddable":true,"href":"https:\/\/silk-pajamas.com\/fr\/wp-json\/wp\/v2\/product_cat?post=818"},{"taxonomy":"product_tag","embeddable":true,"href":"https:\/\/silk-pajamas.com\/fr\/wp-json\/wp\/v2\/product_tag?post=818"}],"curies":[{"name":"wp","href":"https:\/\/api.w.org\/{rel}","templated":true}]}}