{"id":819,"date":"2026-04-12T15:43:31","date_gmt":"2026-04-12T15:43:31","guid":{"rendered":"https:\/\/silk-pajamas.com\/25-momme-crepe-silk-dress-maxi-navy-manufacturer\/"},"modified":"2026-05-06T03:38:13","modified_gmt":"2026-05-06T03:38:13","slug":"25-momme-crepe-silk-dress-maxi-navy-manufacturer","status":"publish","type":"product","link":"https:\/\/silk-pajamas.com\/fr\/25-momme-crepe-silk-dress-maxi-navy-manufacturer\/","title":{"rendered":"25 Momme Crepe Silk Dress Maxi Navy Manufacturer"},"content":{"rendered":"<p>Confectionn\u00e9e en cr\u00eape de soie 25 momme, cette robe en soie est l\u00e9g\u00e8re, douce au toucher et \u00e9l\u00e9gante au niveau du mouvement. La construction maxi et la couleur marine lui conf\u00e8rent un look raffin\u00e9 pour les vacances. Disponible en S, M, L, XL, XXL. Laver \u00e0 la main \u00e0 froid ou utiliser un cycle d\u00e9licat.<\/p>","protected":false},"excerpt":{"rendered":"<p>25 Robe en cr\u00eape de soie Momme en marine. Finition maxi, l\u00e9g\u00e8ret\u00e9 et tailles S, M, L, XL, XXL. Con\u00e7ue pour la vill\u00e9giature.<\/p>","protected":false},"featured_media":1758,"template":"","meta":{"_gspb_post_css":""},"product_brand":[],"product_cat":[29],"product_tag":[660,661,662],"class_list":{"0":"post-819","1":"product","2":"type-product","3":"status-publish","4":"has-post-thumbnail","6":"product_cat-silk-dresses","7":"product_tag-25-momme-silk-dress-navy","8":"product_tag-crepe-silk-dress-maxi","9":"product_tag-vendor-silk-dress-for-resort-dressing","11":"first","12":"instock","13":"shipping-taxable","14":"purchasable","15":"product-type-simple"},"_links":{"self":[{"href":"https:\/\/silk-pajamas.com\/fr\/wp-json\/wp\/v2\/product\/819","targetHints":{"allow":["GET"]}}],"collection":[{"href":"https:\/\/silk-pajamas.com\/fr\/wp-json\/wp\/v2\/product"}],"about":[{"href":"https:\/\/silk-pajamas.com\/fr\/wp-json\/wp\/v2\/types\/product"}],"wp:featuredmedia":[{"embeddable":true,"href":"https:\/\/silk-pajamas.com\/fr\/wp-json\/wp\/v2\/media\/1758"}],"wp:attachment":[{"href":"https:\/\/silk-pajamas.com\/fr\/wp-json\/wp\/v2\/media?parent=819"}],"wp:term":[{"taxonomy":"product_brand","embeddable":true,"href":"https:\/\/silk-pajamas.com\/fr\/wp-json\/wp\/v2\/product_brand?post=819"},{"taxonomy":"product_cat","embeddable":true,"href":"https:\/\/silk-pajamas.com\/fr\/wp-json\/wp\/v2\/product_cat?post=819"},{"taxonomy":"product_tag","embeddable":true,"href":"https:\/\/silk-pajamas.com\/fr\/wp-json\/wp\/v2\/product_tag?post=819"}],"curies":[{"name":"wp","href":"https:\/\/api.w.org\/{rel}","templated":true}]}}