{"id":824,"date":"2026-04-12T15:43:31","date_gmt":"2026-04-12T15:43:31","guid":{"rendered":"https:\/\/silk-pajamas.com\/19-momme-charmeuse-silk-dress-maxi-floral\/"},"modified":"2026-05-06T04:05:24","modified_gmt":"2026-05-06T04:05:24","slug":"19-momme-charmeuse-silk-dress-maxi-floral","status":"publish","type":"product","link":"https:\/\/silk-pajamas.com\/fr\/19-momme-charmeuse-silk-dress-maxi-floral\/","title":{"rendered":"19 Momme Charmeuse Silk Dress Maxi Floral"},"content":{"rendered":"<p>Confectionn\u00e9e en soie charmeuse 19 momme, cette robe en soie est thermor\u00e9gulatrice, douce au toucher et \u00e9l\u00e9gante au niveau du mouvement. La construction maxi et la couleur florale lui conf\u00e8rent un look raffin\u00e9 pour les soir\u00e9es. Disponible en XS, S, M, L, XL. Laver \u00e0 la main \u00e0 froid ou utiliser un cycle d\u00e9licat.<\/p>","protected":false},"excerpt":{"rendered":"<p>19 Momme Charmeuse soie robe de soie en Floral. Finition maxi, sensation de r\u00e9gulation thermique et gamme de tailles XS, S, M, L, XL. Con\u00e7ue pour les soir\u00e9es.<\/p>","protected":false},"featured_media":1777,"template":"","meta":{"_gspb_post_css":""},"product_brand":[],"product_cat":[29],"product_tag":[672,673,651],"class_list":{"0":"post-824","1":"product","2":"type-product","3":"status-publish","4":"has-post-thumbnail","6":"product_cat-silk-dresses","7":"product_tag-19-momme-silk-dress-floral","8":"product_tag-charmeuse-silk-dress-maxi","9":"product_tag-factory-silk-dress-for-party-edits","11":"first","12":"instock","13":"shipping-taxable","14":"purchasable","15":"product-type-simple"},"_links":{"self":[{"href":"https:\/\/silk-pajamas.com\/fr\/wp-json\/wp\/v2\/product\/824","targetHints":{"allow":["GET"]}}],"collection":[{"href":"https:\/\/silk-pajamas.com\/fr\/wp-json\/wp\/v2\/product"}],"about":[{"href":"https:\/\/silk-pajamas.com\/fr\/wp-json\/wp\/v2\/types\/product"}],"wp:featuredmedia":[{"embeddable":true,"href":"https:\/\/silk-pajamas.com\/fr\/wp-json\/wp\/v2\/media\/1777"}],"wp:attachment":[{"href":"https:\/\/silk-pajamas.com\/fr\/wp-json\/wp\/v2\/media?parent=824"}],"wp:term":[{"taxonomy":"product_brand","embeddable":true,"href":"https:\/\/silk-pajamas.com\/fr\/wp-json\/wp\/v2\/product_brand?post=824"},{"taxonomy":"product_cat","embeddable":true,"href":"https:\/\/silk-pajamas.com\/fr\/wp-json\/wp\/v2\/product_cat?post=824"},{"taxonomy":"product_tag","embeddable":true,"href":"https:\/\/silk-pajamas.com\/fr\/wp-json\/wp\/v2\/product_tag?post=824"}],"curies":[{"name":"wp","href":"https:\/\/api.w.org\/{rel}","templated":true}]}}