{"id":825,"date":"2026-04-12T15:43:31","date_gmt":"2026-04-12T15:43:31","guid":{"rendered":"https:\/\/silk-pajamas.com\/22-momme-mulberry-silk-dress-midi-rose-supplier\/"},"modified":"2026-05-06T06:03:54","modified_gmt":"2026-05-06T06:03:54","slug":"22-momme-mulberry-silk-dress-midi-rose-supplier","status":"publish","type":"product","link":"https:\/\/silk-pajamas.com\/fr\/22-momme-mulberry-silk-dress-midi-rose-supplier\/","title":{"rendered":"22 Momme Mulberry Silk Dress Midi Rose Supplier"},"content":{"rendered":"<p>Cette robe en soie est fabriqu\u00e9e \u00e0 partir de 22 momme de soie de m\u00fbrier dans un ton rose. Elle se caract\u00e9rise par une coupe midi, un toucher doux et un drap\u00e9 confortable pour les soir\u00e9es. Ce mod\u00e8le convient aux tailles S, M, L, XL, XXL et convient parfaitement aux tenues d'automne, aux cadeaux et au confort quotidien. Laver \u00e0 la main \u00e0 froid ou utiliser un cycle d\u00e9licat.<\/p>","protected":false},"excerpt":{"rendered":"<p>22 Momme Mulberry silk silk dress in Rose. Finition midi, toucher infroissable et tailles S, M, L, XL, XXL. Con\u00e7ue pour les soir\u00e9es.<\/p>","protected":false},"featured_media":1785,"template":"","meta":{"_gspb_post_css":""},"product_brand":[],"product_cat":[29],"product_tag":[674,675,676],"class_list":{"0":"post-825","1":"product","2":"type-product","3":"status-publish","4":"has-post-thumbnail","6":"product_cat-silk-dresses","7":"product_tag-22-momme-silk-dress-rose","8":"product_tag-mulberry-silk-dress-midi","9":"product_tag-supplier-silk-dress-for-party-edits","11":"first","12":"instock","13":"shipping-taxable","14":"purchasable","15":"product-type-simple"},"_links":{"self":[{"href":"https:\/\/silk-pajamas.com\/fr\/wp-json\/wp\/v2\/product\/825","targetHints":{"allow":["GET"]}}],"collection":[{"href":"https:\/\/silk-pajamas.com\/fr\/wp-json\/wp\/v2\/product"}],"about":[{"href":"https:\/\/silk-pajamas.com\/fr\/wp-json\/wp\/v2\/types\/product"}],"wp:featuredmedia":[{"embeddable":true,"href":"https:\/\/silk-pajamas.com\/fr\/wp-json\/wp\/v2\/media\/1785"}],"wp:attachment":[{"href":"https:\/\/silk-pajamas.com\/fr\/wp-json\/wp\/v2\/media?parent=825"}],"wp:term":[{"taxonomy":"product_brand","embeddable":true,"href":"https:\/\/silk-pajamas.com\/fr\/wp-json\/wp\/v2\/product_brand?post=825"},{"taxonomy":"product_cat","embeddable":true,"href":"https:\/\/silk-pajamas.com\/fr\/wp-json\/wp\/v2\/product_cat?post=825"},{"taxonomy":"product_tag","embeddable":true,"href":"https:\/\/silk-pajamas.com\/fr\/wp-json\/wp\/v2\/product_tag?post=825"}],"curies":[{"name":"wp","href":"https:\/\/api.w.org\/{rel}","templated":true}]}}