{"id":826,"date":"2026-04-12T15:43:32","date_gmt":"2026-04-12T15:43:32","guid":{"rendered":"https:\/\/silk-pajamas.com\/16-momme-charmeuse-silk-dress-slip-black-vendor\/"},"modified":"2026-04-20T02:59:54","modified_gmt":"2026-04-20T02:59:54","slug":"16-momme-charmeuse-silk-dress-slip-black-vendor","status":"publish","type":"product","link":"https:\/\/silk-pajamas.com\/fr\/16-momme-charmeuse-silk-dress-slip-black-vendor\/","title":{"rendered":"16 Momme Charmeuse Silk Dress Slip Black Vendor"},"content":{"rendered":"<p>R\u00e9alis\u00e9e en soie charmeuse 16 momme, cette robe en soie offre un drap\u00e9 lisse, un toucher doux et un mouvement \u00e9l\u00e9gant. La construction en glissement et la couleur noire lui conf\u00e8rent une allure \u00e9l\u00e9gante pour les femmes. Disponible en XL, XXL, 3XL, 4XL. Laver \u00e0 la main \u00e0 froid ou utiliser un cycle d\u00e9licat.<\/p>","protected":false},"excerpt":{"rendered":"<p>16 Robe en soie charmeuse de Momme en noir. Finition glac\u00e9e, toucher drap\u00e9 et tailles XL, XXL, 3XL, 4XL. Con\u00e7ue pour la femme.<\/p>","protected":false},"featured_media":1696,"template":"","meta":{"_gspb_post_css":""},"product_brand":[],"product_cat":[29],"product_tag":[677,644,678],"class_list":{"0":"post-826","1":"product","2":"type-product","3":"status-publish","4":"has-post-thumbnail","6":"product_cat-silk-dresses","7":"product_tag-16-momme-silk-dress-black","8":"product_tag-charmeuse-silk-dress-slip","9":"product_tag-vendor-silk-dress-for-women","11":"first","12":"instock","13":"shipping-taxable","14":"purchasable","15":"product-type-simple"},"_links":{"self":[{"href":"https:\/\/silk-pajamas.com\/fr\/wp-json\/wp\/v2\/product\/826","targetHints":{"allow":["GET"]}}],"collection":[{"href":"https:\/\/silk-pajamas.com\/fr\/wp-json\/wp\/v2\/product"}],"about":[{"href":"https:\/\/silk-pajamas.com\/fr\/wp-json\/wp\/v2\/types\/product"}],"wp:featuredmedia":[{"embeddable":true,"href":"https:\/\/silk-pajamas.com\/fr\/wp-json\/wp\/v2\/media\/1696"}],"wp:attachment":[{"href":"https:\/\/silk-pajamas.com\/fr\/wp-json\/wp\/v2\/media?parent=826"}],"wp:term":[{"taxonomy":"product_brand","embeddable":true,"href":"https:\/\/silk-pajamas.com\/fr\/wp-json\/wp\/v2\/product_brand?post=826"},{"taxonomy":"product_cat","embeddable":true,"href":"https:\/\/silk-pajamas.com\/fr\/wp-json\/wp\/v2\/product_cat?post=826"},{"taxonomy":"product_tag","embeddable":true,"href":"https:\/\/silk-pajamas.com\/fr\/wp-json\/wp\/v2\/product_tag?post=826"}],"curies":[{"name":"wp","href":"https:\/\/api.w.org\/{rel}","templated":true}]}}