{"id":828,"date":"2026-04-12T15:43:32","date_gmt":"2026-04-12T15:43:32","guid":{"rendered":"https:\/\/silk-pajamas.com\/16-momme-charmeuse-mulberry-silk-dress-bias-cut-black\/"},"modified":"2026-04-20T03:14:46","modified_gmt":"2026-04-20T03:14:46","slug":"16-momme-charmeuse-mulberry-silk-dress-bias-cut-black","status":"publish","type":"product","link":"https:\/\/silk-pajamas.com\/fr\/16-momme-charmeuse-mulberry-silk-dress-bias-cut-black\/","title":{"rendered":"16 Momme Charmeuse Mulberry Silk Dress Bias Cut Black"},"content":{"rendered":"<p>Confectionn\u00e9e en 16 momme charmeuse de soie, cette robe en soie allie une coupe en biais \u00e0 une brillance douce et un toucher respirant. La finition noire lui conf\u00e8re une allure raffin\u00e9e, tandis que les tailles XL, XXL, 3XL et 4XL permettent de r\u00e9pondre aux besoins essentiels. Convient aux tenues de vill\u00e9giature et aux garde-robes d'automne. Laver \u00e0 la main \u00e0 froid ou utiliser un cycle d\u00e9licat.<\/p>","protected":false},"excerpt":{"rendered":"<p>16 Robe en soie Momme Charmeuse en noir. Finition Bias Cut, sensation de r\u00e9gulation thermique et gamme de tailles XL, XXL, 3XL, 4XL. Con\u00e7ue pour la vill\u00e9giature.<\/p>","protected":false},"featured_media":1701,"template":"","meta":{"_gspb_post_css":""},"product_brand":[],"product_cat":[29],"product_tag":[677,659,662],"class_list":{"0":"post-828","1":"product","2":"type-product","3":"status-publish","4":"has-post-thumbnail","6":"product_cat-silk-dresses","7":"product_tag-16-momme-silk-dress-black","8":"product_tag-charmeuse-silk-dress-bias-cut","9":"product_tag-vendor-silk-dress-for-resort-dressing","11":"first","12":"instock","13":"featured","14":"shipping-taxable","15":"purchasable","16":"product-type-simple"},"_links":{"self":[{"href":"https:\/\/silk-pajamas.com\/fr\/wp-json\/wp\/v2\/product\/828","targetHints":{"allow":["GET"]}}],"collection":[{"href":"https:\/\/silk-pajamas.com\/fr\/wp-json\/wp\/v2\/product"}],"about":[{"href":"https:\/\/silk-pajamas.com\/fr\/wp-json\/wp\/v2\/types\/product"}],"wp:featuredmedia":[{"embeddable":true,"href":"https:\/\/silk-pajamas.com\/fr\/wp-json\/wp\/v2\/media\/1701"}],"wp:attachment":[{"href":"https:\/\/silk-pajamas.com\/fr\/wp-json\/wp\/v2\/media?parent=828"}],"wp:term":[{"taxonomy":"product_brand","embeddable":true,"href":"https:\/\/silk-pajamas.com\/fr\/wp-json\/wp\/v2\/product_brand?post=828"},{"taxonomy":"product_cat","embeddable":true,"href":"https:\/\/silk-pajamas.com\/fr\/wp-json\/wp\/v2\/product_cat?post=828"},{"taxonomy":"product_tag","embeddable":true,"href":"https:\/\/silk-pajamas.com\/fr\/wp-json\/wp\/v2\/product_tag?post=828"}],"curies":[{"name":"wp","href":"https:\/\/api.w.org\/{rel}","templated":true}]}}